{"id":1171,"date":"2018-12-12T10:36:56","date_gmt":"2018-12-12T09:36:56","guid":{"rendered":"http:\/\/alnd-conseil.com\/?page_id=1171"},"modified":"2019-03-05T08:54:36","modified_gmt":"2019-03-05T07:54:36","slug":"plan-du-site","status":"publish","type":"page","link":"http:\/\/www.alnd-conseil.com\/www\/plan-du-site\/","title":{"rendered":"Plan du site"},"content":{"rendered":"\n<header class=\"entry-header\"><h4 class=\"entry-title\" style=\"text-align: left;\"><span style=\"color: #5b371f;\"> <a href=\"http:\/\/alnd-conseil.com\/www\/co-developpement-2\/\">Co-d\u00e9veloppement<\/a><\/span><\/h4><\/header>\n\n\n\n<p>&nbsp;<\/p>\n\n\n\n<header class=\"entry-header\"><h4 class=\"entry-title\" style=\"text-align: left;\"><span style=\"color: #5b371f;\"><a href=\"http:\/\/alnd-conseil.com\/www\/risques-psychosociaux-qualite-de-vie-au-travail\/\">RPS &amp; QVT<\/a><\/span><\/h4><\/header>\n\n\n\n<ul><li style=\"font-color: #5b371f;\"><a href=\"http:\/\/www.alnd-conseil.com\/www\/rps-qvt\/du-diagnostic-au-plan-dactions\/\"><span style=\"color: #5b371f;\">Du diagnostic au plan d\u2019actions<\/span><\/a><\/li><li style=\"font-color: #5b371f;\"><a href=\"http:\/\/alnd-conseil.com\/\/www\/rps-qvt\/cellule-decoute\/\"><span style=\"color: #5b371f;\">Cellule d\u2019\u00e9coute<\/span><\/a><\/li><li style=\"font-color: #5b371f;\"><a href=\"http:\/\/alnd-conseil.com\/www\/rps-qvt\/gestion-des-conflits\/\"><span style=\"color: #5b371f;\">Gestion des conflits<\/span><\/a><\/li><li style=\"font-color: #5b371f;\"><a href=\"http:\/\/alnd-conseil.com\/www\/rps-qvt\/cellule-de-veille\/\"><span style=\"color: #5b371f;\">Cellule de veille<\/span><\/a><\/li><li style=\"font-color: #5b371f;\"><a href=\"http:\/\/alnd-conseil.com\/www\/rps-qvt\/formations-risque-psychosociaux\/\"><span style=\"color: #5b371f;\">Formations RPS<\/span><\/a><\/li><li style=\"font-color: #5b371f;\"><a href=\"http:\/\/alnd-conseil.com\/www\/rps-qvt\/demarche-qualite-de-vie-au-travail-2\/\"><span style=\"color: #5b371f;\">D\u00e9marche QVT<\/span><\/a><\/li><\/ul>\n\n\n\n<p>&nbsp;<\/p>\n\n\n\n<header class=\"entry-header\"><h4 class=\"entry-title\" style=\"text-align: left;\"><span style=\"color: #5b371f;\"><a href=\"http:\/\/alnd-conseil.com\/www\/facilitation\/\">Facilitation<\/a><\/span><\/h4><\/header>\n\n\n\n<div class=\"entry-content\"><ul><li style=\"font-color: #5b371f;\"><a href=\"http:\/\/alnd-conseil.com\/www\/facilitation\/animation-de-seminaires-et-de-reunions-de-travail\/\"><span style=\"color: #5b371f;\">Animation de s\u00e9minaires et de r\u00e9unions de travail<\/span><\/a><\/li><li style=\"font-color: #5b371f;\"><a href=\"http:\/\/alnd-conseil.com\/www\/facilitation\/facilitation-des-collaborations\/\"><span style=\"color: #5b371f;\">Facilitation des collaborateurs<\/span><\/a><\/li><li style=\"font-color: #5b371f;\"><a href=\"http:\/\/alnd-conseil.com\/www\/facilitation\/association-du-chsct-cse-lors-de-projets\/\"><span style=\"color: #5b371f;\">Association du CHSCT \/ CSE lors de projets<\/span><\/a><\/li><li style=\"font-color: #5b371f;\"><a href=\"http:\/\/alnd-conseil.com\/www\/facilitation\/impacts-de-projets-sur-les-conditions-de-travail\/\"><span style=\"color: #5b371f;\">Impact de projets sur les conditions de travail<\/span><\/a><\/li><\/ul><\/div>\n\n\n<header class=\"entry-header\">\n<h4 class=\"entry-title\" style=\"text-align: left;\"><span style=\"color: #5b371f;\"><a href=\"http:\/\/alnd-conseil.com\/www\/contact-2\/\">Contact<\/a><\/span><\/h4>\n<\/header>\n<div class=\"entry-content\">\n<ul>\n<li style=\"font-color: #5b371f;\"><span style=\"color: #5b371f;\"><a style=\"color: #5b371f;\" href=\"http:\/\/www.alnd-conseil.com\/www\/contact-2\/qui-suis-je-2\/\">Qui suis-je ?<\/a><\/span><\/li>\n<li style=\"font-color: #5b371f;\"><span style=\"color: #5b371f;\"><a style=\"color: #5b371f;\" href=\"http:\/\/www.alnd-conseil.com\/www\/contact-2\/mes-references\/\">Mes r\u00e9f\u00e9rences<\/a><\/span><\/li>\n<li style=\"font-color: #5b371f;\"><span style=\"color: #5b371f;\"><a style=\"color: #5b371f;\" href=\"http:\/\/www.alnd-conseil.com\/www\/contact-2\/contact-mail\/\">Formulaire de contact<\/a><\/span><\/li>\n<\/ul>\n<\/div>\n<h4 class=\"entry-title\" style=\"text-align: left;\"><span style=\"color: #5b371f;\"><a href=\"http:\/\/alnd-conseil.com\/www\/mentions-legales\/\">Mentions L\u00e9gales <\/a><\/span><\/h4>\n<h4 class=\"entry-title\" style=\"text-align: left;\"><span style=\"color: #5b371f;\"><a href=\"http:\/\/alnd-conseil.com\/www\/plan-du-site\/\">Plan du site <\/a><\/span><\/h4>","protected":false},"excerpt":{"rendered":"<p>Co-d\u00e9veloppement &nbsp; RPS &amp; QVT Du diagnostic au plan d\u2019actions Cellule d\u2019\u00e9coute Gestion des conflits Cellule de veille Formations RPS D\u00e9marche QVT &nbsp; Facilitation Animation de s\u00e9minaires et de r\u00e9unions de travail Facilitation des collaborateurs Association du CHSCT \/ CSE lors de projets Impact de projets sur les conditions de travail Contact Qui suis-je ? [&hellip;]<\/p>\n","protected":false},"author":1,"featured_media":2316,"parent":0,"menu_order":0,"comment_status":"closed","ping_status":"closed","template":"page-templates\/menu-page.php","meta":[],"yoast_head":"<!-- This site is optimized with the Yoast SEO plugin v14.6.1 - https:\/\/yoast.com\/wordpress\/plugins\/seo\/ -->\n<title>Plan du site | Artisan de lien social<\/title>\n<meta name=\"robots\" content=\"index, follow\" \/>\n<meta name=\"googlebot\" content=\"index, follow, max-snippet:-1, max-image-preview:large, max-video-preview:-1\" \/>\n<meta name=\"bingbot\" content=\"index, follow, max-snippet:-1, max-image-preview:large, max-video-preview:-1\" \/>\n<link rel=\"canonical\" href=\"http:\/\/www.alnd-conseil.com\/www\/plan-du-site\/\" \/>\n<meta property=\"og:locale\" content=\"fr_FR\" \/>\n<meta property=\"og:type\" content=\"article\" \/>\n<meta property=\"og:title\" content=\"Plan du site | Artisan de lien social\" \/>\n<meta property=\"og:description\" content=\"Co-d\u00e9veloppement &nbsp; RPS &amp; QVT Du diagnostic au plan d\u2019actions Cellule d\u2019\u00e9coute Gestion des conflits Cellule de veille Formations RPS D\u00e9marche QVT &nbsp; Facilitation Animation de s\u00e9minaires et de r\u00e9unions de travail Facilitation des collaborateurs Association du CHSCT \/ CSE lors de projets Impact de projets sur les conditions de travail Contact Qui suis-je ? [&hellip;]\" \/>\n<meta property=\"og:url\" content=\"http:\/\/www.alnd-conseil.com\/www\/plan-du-site\/\" \/>\n<meta property=\"og:site_name\" content=\"Artisan de lien social\" \/>\n<meta property=\"article:modified_time\" content=\"2019-03-05T07:54:36+00:00\" \/>\n<meta property=\"og:image\" content=\"http:\/\/www.alnd-conseil.com\/wp-content\/uploads\/2018\/12\/ALND_Plan-et-mentions.jpg\" \/>\n\t<meta property=\"og:image:width\" content=\"1418\" \/>\n\t<meta property=\"og:image:height\" content=\"284\" \/>\n<meta name=\"twitter:card\" content=\"summary_large_image\" \/>\n<script type=\"application\/ld+json\" class=\"yoast-schema-graph\">{\"@context\":\"https:\/\/schema.org\",\"@graph\":[{\"@type\":[\"Person\",\"Organization\"],\"@id\":\"http:\/\/www.alnd-conseil.com\/www\/#\/schema\/person\/1cc5914c92b3ec8f7b422b2b98f49494\",\"name\":\"Anne-Laure NOUAILLE-DEGORCE\",\"logo\":{\"@id\":\"http:\/\/www.alnd-conseil.com\/www\/#personlogo\"}},{\"@type\":\"WebSite\",\"@id\":\"http:\/\/www.alnd-conseil.com\/www\/#website\",\"url\":\"http:\/\/www.alnd-conseil.com\/www\/\",\"name\":\"Artisan de lien social\",\"description\":\"ALND Conseil\",\"publisher\":{\"@id\":\"http:\/\/www.alnd-conseil.com\/www\/#\/schema\/person\/1cc5914c92b3ec8f7b422b2b98f49494\"},\"potentialAction\":[{\"@type\":\"SearchAction\",\"target\":\"http:\/\/www.alnd-conseil.com\/www\/?s={search_term_string}\",\"query-input\":\"required name=search_term_string\"}],\"inLanguage\":\"fr-FR\"},{\"@type\":\"ImageObject\",\"@id\":\"http:\/\/www.alnd-conseil.com\/www\/plan-du-site\/#primaryimage\",\"inLanguage\":\"fr-FR\",\"url\":\"http:\/\/www.alnd-conseil.com\/wp-content\/uploads\/2018\/12\/ALND_Plan-et-mentions.jpg\",\"width\":1418,\"height\":284},{\"@type\":\"WebPage\",\"@id\":\"http:\/\/www.alnd-conseil.com\/www\/plan-du-site\/#webpage\",\"url\":\"http:\/\/www.alnd-conseil.com\/www\/plan-du-site\/\",\"name\":\"Plan du site | Artisan de lien social\",\"isPartOf\":{\"@id\":\"http:\/\/www.alnd-conseil.com\/www\/#website\"},\"primaryImageOfPage\":{\"@id\":\"http:\/\/www.alnd-conseil.com\/www\/plan-du-site\/#primaryimage\"},\"datePublished\":\"2018-12-12T09:36:56+00:00\",\"dateModified\":\"2019-03-05T07:54:36+00:00\",\"inLanguage\":\"fr-FR\",\"potentialAction\":[{\"@type\":\"ReadAction\",\"target\":[\"http:\/\/www.alnd-conseil.com\/www\/plan-du-site\/\"]}]}]}<\/script>\n<!-- \/ Yoast SEO plugin. -->","_links":{"self":[{"href":"http:\/\/www.alnd-conseil.com\/www\/wp-json\/wp\/v2\/pages\/1171"}],"collection":[{"href":"http:\/\/www.alnd-conseil.com\/www\/wp-json\/wp\/v2\/pages"}],"about":[{"href":"http:\/\/www.alnd-conseil.com\/www\/wp-json\/wp\/v2\/types\/page"}],"author":[{"embeddable":true,"href":"http:\/\/www.alnd-conseil.com\/www\/wp-json\/wp\/v2\/users\/1"}],"replies":[{"embeddable":true,"href":"http:\/\/www.alnd-conseil.com\/www\/wp-json\/wp\/v2\/comments?post=1171"}],"version-history":[{"count":53,"href":"http:\/\/www.alnd-conseil.com\/www\/wp-json\/wp\/v2\/pages\/1171\/revisions"}],"predecessor-version":[{"id":2967,"href":"http:\/\/www.alnd-conseil.com\/www\/wp-json\/wp\/v2\/pages\/1171\/revisions\/2967"}],"wp:featuredmedia":[{"embeddable":true,"href":"http:\/\/www.alnd-conseil.com\/www\/wp-json\/wp\/v2\/media\/2316"}],"wp:attachment":[{"href":"http:\/\/www.alnd-conseil.com\/www\/wp-json\/wp\/v2\/media?parent=1171"}],"curies":[{"name":"wp","href":"https:\/\/api.w.org\/{rel}","templated":true}]}}