{"id":250,"date":"2018-11-23T06:53:58","date_gmt":"2018-11-23T05:53:58","guid":{"rendered":"https:\/\/alndconseil.wordpress.com\/?page_id=36"},"modified":"2021-07-11T16:43:40","modified_gmt":"2021-07-11T14:43:40","slug":"rps-qvt","status":"publish","type":"page","link":"http:\/\/www.alnd-conseil.com\/www\/rps-qvt\/","title":{"rendered":"Risques PsychoSociaux &#038; Qualit\u00e9 de Vie au Travail"},"content":{"rendered":"\n<p>Faire le point sur la sant\u00e9 et les conditions de travail des salari\u00e9s, rep\u00e9rer les facteurs de risques et les ressources, mobiliser les \u00e9nergies pour \u00e9laborer et mettre en \u0153uvre des pistes de solutions durables.<\/p>\n<h5 style=\"padding-left: 60px;\">\u00a0<\/h5>\n<h5 style=\"padding-left: 60px;\"><a style=\"color: #6e204a;\" href=\"http:\/\/www.alnd-conseil.com\/www\/rps-qvt\/du-diagnostic-au-plan-dactions\/\">Du diagnostic au plan d\u2019actions<\/a><\/h5>\n<h5 style=\"padding-left: 60px;\"><a style=\"color: #6e204a;\" href=\"http:\/\/www.alnd-conseil.com\/www\/rps-qvt\/cellule-decoute\/\"> Cellule d\u2019\u00e9coute<\/a><\/h5>\n<h5 style=\"padding-left: 60px;\"><a style=\"color: #6e204a;\" href=\"http:\/\/www.alnd-conseil.com\/www\/rps-qvt\/formations-risque-psychosociaux\/\">Burn-out<\/a><\/h5>\n<h5 style=\"padding-left: 60px;\"><a style=\"color: #6e204a;\" href=\"http:\/\/www.alnd-conseil.com\/www\/rps-qvt\/gestion-des-conflits\/\">Gestion des conflits<\/a><\/h5>\n<h5 style=\"padding-left: 60px;\"><a style=\"color: #6e204a;\" href=\"http:\/\/www.alnd-conseil.com\/www\/rps-qvt\/cellule-de-veille\/\">Cellule de veille<\/a><\/h5>\n<h5 style=\"padding-left: 60px;\"><a style=\"color: #6e204a;\" href=\"http:\/\/www.alnd-conseil.com\/www\/rps-qvt\/formations-risque-psychosociaux\/\">Formations Risques PsychoSociaux (RPS)<\/a><\/h5>\n<h5>\u00a0<\/h5>\n\n\n\n<p><\/p>\n","protected":false},"excerpt":{"rendered":"<p>Faire le point sur la sant\u00e9 et les conditions de travail des salari\u00e9s, rep\u00e9rer les facteurs de risques et les ressources, mobiliser les \u00e9nergies pour \u00e9laborer et mettre en \u0153uvre des pistes de solutions durables.<\/p>\n","protected":false},"author":1,"featured_media":631,"parent":0,"menu_order":2,"comment_status":"closed","ping_status":"closed","template":"page-templates\/sidebar-page.php","meta":[],"yoast_head":"<!-- This site is optimized with the Yoast SEO plugin v14.6.1 - https:\/\/yoast.com\/wordpress\/plugins\/seo\/ -->\n<title>Risques PsychoSociaux &amp; Qualit\u00e9 de Vie au Travail | Artisan de lien social<\/title>\n<meta name=\"robots\" content=\"index, follow\" \/>\n<meta name=\"googlebot\" content=\"index, follow, max-snippet:-1, max-image-preview:large, max-video-preview:-1\" \/>\n<meta name=\"bingbot\" content=\"index, follow, max-snippet:-1, max-image-preview:large, max-video-preview:-1\" \/>\n<link rel=\"canonical\" href=\"http:\/\/www.alnd-conseil.com\/www\/rps-qvt\/\" \/>\n<meta property=\"og:locale\" content=\"fr_FR\" \/>\n<meta property=\"og:type\" content=\"article\" \/>\n<meta property=\"og:title\" content=\"Risques PsychoSociaux &amp; Qualit\u00e9 de Vie au Travail | Artisan de lien social\" \/>\n<meta property=\"og:description\" content=\"Faire le point sur la sant\u00e9 et les conditions de travail des salari\u00e9s, rep\u00e9rer les facteurs de risques et les ressources, mobiliser les \u00e9nergies pour \u00e9laborer et mettre en \u0153uvre des pistes de solutions durables.\" \/>\n<meta property=\"og:url\" content=\"http:\/\/www.alnd-conseil.com\/www\/rps-qvt\/\" \/>\n<meta property=\"og:site_name\" content=\"Artisan de lien social\" \/>\n<meta property=\"article:modified_time\" content=\"2021-07-11T14:43:40+00:00\" \/>\n<meta property=\"og:image\" content=\"http:\/\/www.alnd-conseil.com\/wp-content\/uploads\/2018\/12\/ALND_RPS-Banni\u00e8re.jpg\" \/>\n\t<meta property=\"og:image:width\" content=\"2645\" \/>\n\t<meta property=\"og:image:height\" content=\"1238\" \/>\n<meta name=\"twitter:card\" content=\"summary_large_image\" \/>\n<script type=\"application\/ld+json\" class=\"yoast-schema-graph\">{\"@context\":\"https:\/\/schema.org\",\"@graph\":[{\"@type\":[\"Person\",\"Organization\"],\"@id\":\"http:\/\/www.alnd-conseil.com\/www\/#\/schema\/person\/1cc5914c92b3ec8f7b422b2b98f49494\",\"name\":\"Anne-Laure NOUAILLE-DEGORCE\",\"logo\":{\"@id\":\"http:\/\/www.alnd-conseil.com\/www\/#personlogo\"}},{\"@type\":\"WebSite\",\"@id\":\"http:\/\/www.alnd-conseil.com\/www\/#website\",\"url\":\"http:\/\/www.alnd-conseil.com\/www\/\",\"name\":\"Artisan de lien social\",\"description\":\"ALND Conseil\",\"publisher\":{\"@id\":\"http:\/\/www.alnd-conseil.com\/www\/#\/schema\/person\/1cc5914c92b3ec8f7b422b2b98f49494\"},\"potentialAction\":[{\"@type\":\"SearchAction\",\"target\":\"http:\/\/www.alnd-conseil.com\/www\/?s={search_term_string}\",\"query-input\":\"required name=search_term_string\"}],\"inLanguage\":\"fr-FR\"},{\"@type\":\"ImageObject\",\"@id\":\"http:\/\/www.alnd-conseil.com\/www\/rps-qvt\/#primaryimage\",\"inLanguage\":\"fr-FR\",\"url\":\"http:\/\/www.alnd-conseil.com\/wp-content\/uploads\/2018\/12\/ALND_RPS-Banni\\u00e8re.jpg\",\"width\":2645,\"height\":1238},{\"@type\":\"WebPage\",\"@id\":\"http:\/\/www.alnd-conseil.com\/www\/rps-qvt\/#webpage\",\"url\":\"http:\/\/www.alnd-conseil.com\/www\/rps-qvt\/\",\"name\":\"Risques PsychoSociaux & Qualit\\u00e9 de Vie au Travail | Artisan de lien social\",\"isPartOf\":{\"@id\":\"http:\/\/www.alnd-conseil.com\/www\/#website\"},\"primaryImageOfPage\":{\"@id\":\"http:\/\/www.alnd-conseil.com\/www\/rps-qvt\/#primaryimage\"},\"datePublished\":\"2018-11-23T05:53:58+00:00\",\"dateModified\":\"2021-07-11T14:43:40+00:00\",\"inLanguage\":\"fr-FR\",\"potentialAction\":[{\"@type\":\"ReadAction\",\"target\":[\"http:\/\/www.alnd-conseil.com\/www\/rps-qvt\/\"]}]}]}<\/script>\n<!-- \/ Yoast SEO plugin. -->","_links":{"self":[{"href":"http:\/\/www.alnd-conseil.com\/www\/wp-json\/wp\/v2\/pages\/250"}],"collection":[{"href":"http:\/\/www.alnd-conseil.com\/www\/wp-json\/wp\/v2\/pages"}],"about":[{"href":"http:\/\/www.alnd-conseil.com\/www\/wp-json\/wp\/v2\/types\/page"}],"author":[{"embeddable":true,"href":"http:\/\/www.alnd-conseil.com\/www\/wp-json\/wp\/v2\/users\/1"}],"replies":[{"embeddable":true,"href":"http:\/\/www.alnd-conseil.com\/www\/wp-json\/wp\/v2\/comments?post=250"}],"version-history":[{"count":9,"href":"http:\/\/www.alnd-conseil.com\/www\/wp-json\/wp\/v2\/pages\/250\/revisions"}],"predecessor-version":[{"id":3182,"href":"http:\/\/www.alnd-conseil.com\/www\/wp-json\/wp\/v2\/pages\/250\/revisions\/3182"}],"wp:featuredmedia":[{"embeddable":true,"href":"http:\/\/www.alnd-conseil.com\/www\/wp-json\/wp\/v2\/media\/631"}],"wp:attachment":[{"href":"http:\/\/www.alnd-conseil.com\/www\/wp-json\/wp\/v2\/media?parent=250"}],"curies":[{"name":"wp","href":"https:\/\/api.w.org\/{rel}","templated":true}]}}