{"id":253,"date":"2018-11-23T07:00:34","date_gmt":"2018-11-23T06:00:34","guid":{"rendered":"https:\/\/alndconseil.wordpress.com\/?page_id=45"},"modified":"2021-07-11T17:11:27","modified_gmt":"2021-07-11T15:11:27","slug":"formations-risque-psychosociaux","status":"publish","type":"page","link":"http:\/\/www.alnd-conseil.com\/www\/rps-qvt\/formations-risque-psychosociaux\/","title":{"rendered":"Formations Risques PsychoSociaux"},"content":{"rendered":"<p>Vous souhaitez sensibiliser ou former vos collaborateurs, managers, services de sant\u00e9, CSSCT \/ CSE.<\/p>\n<p>Je vous propose des formations sur mesure, correspondant \u00e0 votre situation et vos besoins. Plusieurs modules sont disponibles et ajustables en fonction de votre cible, de votre secteur d\u2019activit\u00e9, du temps que vous souhaitez y consacrer, de ce que vous souhaitez en faire.<\/p>\n<h5><span style=\"color: #772156;\"><strong>Quelques exemples de points abord\u00e9s en formation\u00a0:<\/strong><\/span><\/h5>\n<ul>\n<li style=\"color: #6e204a; list-style-type: circle;\"><span style=\"color: #5b371f;\">De quoi parle-t-on\u00a0?<\/span><\/li>\n<li style=\"color: #6e204a; list-style-type: circle;\"><span style=\"color: #5b371f;\">Comment rep\u00e9rer les troubles psycho-sociaux ?<\/span><\/li>\n<li style=\"color: #6e204a; list-style-type: circle;\"><span style=\"color: #5b371f;\">Comment les pr\u00e9venir\u00a0?<\/span><\/li>\n<li style=\"color: #6e204a; list-style-type: circle;\"><span style=\"color: #5b371f;\">Que faire quand l\u2019organisation est confront\u00e9e \u00e0 du mal-\u00eatre, voire de la souffrance\u00a0?<\/span><\/li>\n<li style=\"color: #6e204a; list-style-type: circle;\"><span style=\"color: #5b371f;\">Comment mettre en place une cellule de veille\u00a0?<\/span><\/li>\n<li style=\"color: #6e204a; list-style-type: circle;\"><span style=\"color: #5b371f;\">Les aspects juridiques<\/span><\/li>\n<li style=\"color: #6e204a; list-style-type: circle;\"><span style=\"color: #5b371f;\">Le r\u00f4le sp\u00e9cifique du manager de proximit\u00e9<\/span><\/li>\n<li style=\"color: #6e204a; list-style-type: circle;\"><span style=\"color: #5b371f;\">Le r\u00f4le de la CSSCT \/ CSE et des acteurs de sant\u00e9 au travail<\/span><\/li>\n<\/ul>\n<h5><span style=\"color: #772156;\"><strong>Ce qui caract\u00e9rise mes formations :<\/strong><\/span><\/h5>\n<ul>\n<li style=\"color: #6e204a; list-style-type: circle;\"><span style=\"color: #5b371f;\">Des m\u00e9thodes p\u00e9dagogiques vari\u00e9es, des formations vivantes<\/span><\/li>\n<li style=\"color: #6e204a; list-style-type: circle;\"><span style=\"color: #5b371f;\">Un ancrage fort dans la r\u00e9alit\u00e9 du travail, nourri de mon exp\u00e9rience de conseil en RPS<\/span><\/li>\n<li style=\"color: #6e204a; list-style-type: circle;\"><span style=\"color: #5b371f;\">Des formations sur mesure<\/span><\/li>\n<li style=\"color: #6e204a; list-style-type: circle;\"><span style=\"color: #5b371f;\">De tr\u00e8s bonnes \u00e9valuations \u00e0 chaud et \u00e0 froid des participants et des commanditaires<\/span><\/li>\n<li style=\"color: #6e204a; list-style-type: circle;\"><span style=\"color: #5b371f;\">Enregistr\u00e9e comme organisme de formation par la Direccte Auvergne Rh\u00f4ne-Alpes<\/span><\/li>\n<\/ul>\n","protected":false},"excerpt":{"rendered":"<p>Vous souhaitez sensibiliser ou former vos collaborateurs, managers, services de sant\u00e9, CSSCT \/ CSE. Je vous propose des formations sur mesure, correspondant \u00e0 votre situation et vos besoins. Plusieurs modules sont disponibles et ajustables en fonction de votre cible, de votre secteur d\u2019activit\u00e9, du temps que vous souhaitez y consacrer, de ce que vous souhaitez [&hellip;]<\/p>\n","protected":false},"author":1,"featured_media":665,"parent":250,"menu_order":6,"comment_status":"closed","ping_status":"closed","template":"page-templates\/sidebar-page.php","meta":[],"yoast_head":"<!-- This site is optimized with the Yoast SEO plugin v14.6.1 - https:\/\/yoast.com\/wordpress\/plugins\/seo\/ -->\n<title>Formations Risques PsychoSociaux | Artisan de lien social<\/title>\n<meta name=\"robots\" content=\"index, follow\" \/>\n<meta name=\"googlebot\" content=\"index, follow, max-snippet:-1, max-image-preview:large, max-video-preview:-1\" \/>\n<meta name=\"bingbot\" content=\"index, follow, max-snippet:-1, max-image-preview:large, max-video-preview:-1\" \/>\n<link rel=\"canonical\" href=\"http:\/\/www.alnd-conseil.com\/www\/rps-qvt\/formations-risque-psychosociaux\/\" \/>\n<meta property=\"og:locale\" content=\"fr_FR\" \/>\n<meta property=\"og:type\" content=\"article\" \/>\n<meta property=\"og:title\" content=\"Formations Risques PsychoSociaux | Artisan de lien social\" \/>\n<meta property=\"og:description\" content=\"Vous souhaitez sensibiliser ou former vos collaborateurs, managers, services de sant\u00e9, CSSCT \/ CSE. Je vous propose des formations sur mesure, correspondant \u00e0 votre situation et vos besoins. Plusieurs modules sont disponibles et ajustables en fonction de votre cible, de votre secteur d\u2019activit\u00e9, du temps que vous souhaitez y consacrer, de ce que vous souhaitez [&hellip;]\" \/>\n<meta property=\"og:url\" content=\"http:\/\/www.alnd-conseil.com\/www\/rps-qvt\/formations-risque-psychosociaux\/\" \/>\n<meta property=\"og:site_name\" content=\"Artisan de lien social\" \/>\n<meta property=\"article:modified_time\" content=\"2021-07-11T15:11:27+00:00\" \/>\n<meta property=\"og:image\" content=\"http:\/\/www.alnd-conseil.com\/wp-content\/uploads\/2018\/12\/ALND_RPS-5-Ban.jpg\" \/>\n\t<meta property=\"og:image:width\" content=\"1418\" \/>\n\t<meta property=\"og:image:height\" content=\"284\" \/>\n<meta name=\"twitter:card\" content=\"summary_large_image\" \/>\n<script type=\"application\/ld+json\" class=\"yoast-schema-graph\">{\"@context\":\"https:\/\/schema.org\",\"@graph\":[{\"@type\":[\"Person\",\"Organization\"],\"@id\":\"http:\/\/www.alnd-conseil.com\/www\/#\/schema\/person\/1cc5914c92b3ec8f7b422b2b98f49494\",\"name\":\"Anne-Laure NOUAILLE-DEGORCE\",\"logo\":{\"@id\":\"http:\/\/www.alnd-conseil.com\/www\/#personlogo\"}},{\"@type\":\"WebSite\",\"@id\":\"http:\/\/www.alnd-conseil.com\/www\/#website\",\"url\":\"http:\/\/www.alnd-conseil.com\/www\/\",\"name\":\"Artisan de lien social\",\"description\":\"ALND Conseil\",\"publisher\":{\"@id\":\"http:\/\/www.alnd-conseil.com\/www\/#\/schema\/person\/1cc5914c92b3ec8f7b422b2b98f49494\"},\"potentialAction\":[{\"@type\":\"SearchAction\",\"target\":\"http:\/\/www.alnd-conseil.com\/www\/?s={search_term_string}\",\"query-input\":\"required name=search_term_string\"}],\"inLanguage\":\"fr-FR\"},{\"@type\":\"ImageObject\",\"@id\":\"http:\/\/www.alnd-conseil.com\/www\/rps-qvt\/formations-risque-psychosociaux\/#primaryimage\",\"inLanguage\":\"fr-FR\",\"url\":\"http:\/\/www.alnd-conseil.com\/wp-content\/uploads\/2018\/12\/ALND_RPS-5-Ban.jpg\",\"width\":1418,\"height\":284},{\"@type\":\"WebPage\",\"@id\":\"http:\/\/www.alnd-conseil.com\/www\/rps-qvt\/formations-risque-psychosociaux\/#webpage\",\"url\":\"http:\/\/www.alnd-conseil.com\/www\/rps-qvt\/formations-risque-psychosociaux\/\",\"name\":\"Formations Risques PsychoSociaux | Artisan de lien social\",\"isPartOf\":{\"@id\":\"http:\/\/www.alnd-conseil.com\/www\/#website\"},\"primaryImageOfPage\":{\"@id\":\"http:\/\/www.alnd-conseil.com\/www\/rps-qvt\/formations-risque-psychosociaux\/#primaryimage\"},\"datePublished\":\"2018-11-23T06:00:34+00:00\",\"dateModified\":\"2021-07-11T15:11:27+00:00\",\"inLanguage\":\"fr-FR\",\"potentialAction\":[{\"@type\":\"ReadAction\",\"target\":[\"http:\/\/www.alnd-conseil.com\/www\/rps-qvt\/formations-risque-psychosociaux\/\"]}]}]}<\/script>\n<!-- \/ Yoast SEO plugin. -->","_links":{"self":[{"href":"http:\/\/www.alnd-conseil.com\/www\/wp-json\/wp\/v2\/pages\/253"}],"collection":[{"href":"http:\/\/www.alnd-conseil.com\/www\/wp-json\/wp\/v2\/pages"}],"about":[{"href":"http:\/\/www.alnd-conseil.com\/www\/wp-json\/wp\/v2\/types\/page"}],"author":[{"embeddable":true,"href":"http:\/\/www.alnd-conseil.com\/www\/wp-json\/wp\/v2\/users\/1"}],"replies":[{"embeddable":true,"href":"http:\/\/www.alnd-conseil.com\/www\/wp-json\/wp\/v2\/comments?post=253"}],"version-history":[{"count":9,"href":"http:\/\/www.alnd-conseil.com\/www\/wp-json\/wp\/v2\/pages\/253\/revisions"}],"predecessor-version":[{"id":3200,"href":"http:\/\/www.alnd-conseil.com\/www\/wp-json\/wp\/v2\/pages\/253\/revisions\/3200"}],"up":[{"embeddable":true,"href":"http:\/\/www.alnd-conseil.com\/www\/wp-json\/wp\/v2\/pages\/250"}],"wp:featuredmedia":[{"embeddable":true,"href":"http:\/\/www.alnd-conseil.com\/www\/wp-json\/wp\/v2\/media\/665"}],"wp:attachment":[{"href":"http:\/\/www.alnd-conseil.com\/www\/wp-json\/wp\/v2\/media?parent=253"}],"curies":[{"name":"wp","href":"https:\/\/api.w.org\/{rel}","templated":true}]}}