{"id":59,"date":"2018-11-23T07:14:50","date_gmt":"2018-11-23T06:14:50","guid":{"rendered":"https:\/\/alndconseil.wordpress.com\/?page_id=59"},"modified":"2021-07-11T16:48:00","modified_gmt":"2021-07-11T14:48:00","slug":"animation-de-seminaires-et-de-reunions-de-travail","status":"publish","type":"page","link":"http:\/\/www.alnd-conseil.com\/www\/facilitation\/animation-de-seminaires-et-de-reunions-de-travail\/","title":{"rendered":"Animation de s\u00e9minaires et de r\u00e9unions de travail"},"content":{"rendered":"<p><span style=\"color: #5b371f;\">Vous souhaitez \u00e9laborer un projet, r\u00e9fl\u00e9chir \u00e0 une nouvelle organisation, construire des modes de\u00a0 collaborations, am\u00e9liorer un fonctionnement, trouver une solution \u00e0 un probl\u00e8me, prendre une d\u00e9cision, etc.<\/span><\/p>\n<p><span style=\"color: #5b371f;\">Que vous soyez un comit\u00e9 de direction, un collectif de managers, un groupe de pairs, une \u00e9quipe, un syndicat, une Instance Repr\u00e9sentative du Personnel, etc.<\/span><\/p>\n<p><span style=\"color: #5b371f;\">Je peux vous accompagner pour animer des r\u00e9unions et s\u00e9minaires, en vous apportant mes comp\u00e9tences d\u2019animation, et en r\u00e9gulant les \u00e9changes, pour que vos rencontres d\u00e9bouchent sur un r\u00e9sultat concret, exploitable op\u00e9rationnellement, et partag\u00e9.<\/span><\/p>\n<h5><span style=\"color: #6e204a;\"><strong>Ce qui caract\u00e9rise mon accompagnement :<\/strong><\/span><\/h5>\n<ul>\n<li style=\"color: #6e204a; list-style-type: circle;\"><span style=\"color: #5b371f;\">Une capacit\u00e9 \u00e0 faire travailler ensemble des personnes vers un objectif commun co-construit<\/span><\/li>\n<\/ul>\n<h5><span style=\"color: #6e204a;\"><strong>Les m\u00e9thodes mobilis\u00e9es sont :<\/strong><\/span><\/h5>\n<ul>\n<li style=\"color: #6e204a; list-style-type: circle;\"><span style=\"color: #5b371f;\">Co-construction en amont de vos objectifs<\/span><\/li>\n<li style=\"color: #6e204a; list-style-type: circle;\"><span style=\"color: #5b371f;\">Modalit\u00e9s d\u2019animation adapt\u00e9es aux objectifs. Ex forum ouvert, sociocratie, mobilisation de l\u2019intelligence collective, etc.<\/span><\/li>\n<\/ul>\n","protected":false},"excerpt":{"rendered":"<p>Vous souhaitez \u00e9laborer un projet, r\u00e9fl\u00e9chir \u00e0 une nouvelle organisation, construire des modes de\u00a0 collaborations, am\u00e9liorer un fonctionnement, trouver une solution \u00e0 un probl\u00e8me, prendre une d\u00e9cision, etc. Que vous soyez un comit\u00e9 de direction, un collectif de managers, un groupe de pairs, une \u00e9quipe, un syndicat, une Instance Repr\u00e9sentative du Personnel, etc. Je peux [&hellip;]<\/p>\n","protected":false},"author":1,"featured_media":689,"parent":57,"menu_order":1,"comment_status":"closed","ping_status":"closed","template":"page-templates\/sidebar-page.php","meta":[],"yoast_head":"<!-- This site is optimized with the Yoast SEO plugin v14.6.1 - https:\/\/yoast.com\/wordpress\/plugins\/seo\/ -->\n<title>Animation de s\u00e9minaires et de r\u00e9unions de travail | Artisan de lien social<\/title>\n<meta name=\"robots\" content=\"index, follow\" \/>\n<meta name=\"googlebot\" content=\"index, follow, max-snippet:-1, max-image-preview:large, max-video-preview:-1\" \/>\n<meta name=\"bingbot\" content=\"index, follow, max-snippet:-1, max-image-preview:large, max-video-preview:-1\" \/>\n<link rel=\"canonical\" href=\"http:\/\/www.alnd-conseil.com\/www\/facilitation\/animation-de-seminaires-et-de-reunions-de-travail\/\" \/>\n<meta property=\"og:locale\" content=\"fr_FR\" \/>\n<meta property=\"og:type\" content=\"article\" \/>\n<meta property=\"og:title\" content=\"Animation de s\u00e9minaires et de r\u00e9unions de travail | Artisan de lien social\" \/>\n<meta property=\"og:description\" content=\"Vous souhaitez \u00e9laborer un projet, r\u00e9fl\u00e9chir \u00e0 une nouvelle organisation, construire des modes de\u00a0 collaborations, am\u00e9liorer un fonctionnement, trouver une solution \u00e0 un probl\u00e8me, prendre une d\u00e9cision, etc. Que vous soyez un comit\u00e9 de direction, un collectif de managers, un groupe de pairs, une \u00e9quipe, un syndicat, une Instance Repr\u00e9sentative du Personnel, etc. Je peux [&hellip;]\" \/>\n<meta property=\"og:url\" content=\"http:\/\/www.alnd-conseil.com\/www\/facilitation\/animation-de-seminaires-et-de-reunions-de-travail\/\" \/>\n<meta property=\"og:site_name\" content=\"Artisan de lien social\" \/>\n<meta property=\"article:modified_time\" content=\"2021-07-11T14:48:00+00:00\" \/>\n<meta property=\"og:image\" content=\"http:\/\/www.alnd-conseil.com\/wp-content\/uploads\/2018\/12\/ALND_Facil-1-Ban.jpg\" \/>\n\t<meta property=\"og:image:width\" content=\"1418\" \/>\n\t<meta property=\"og:image:height\" content=\"284\" \/>\n<meta name=\"twitter:card\" content=\"summary_large_image\" \/>\n<script type=\"application\/ld+json\" class=\"yoast-schema-graph\">{\"@context\":\"https:\/\/schema.org\",\"@graph\":[{\"@type\":[\"Person\",\"Organization\"],\"@id\":\"http:\/\/www.alnd-conseil.com\/www\/#\/schema\/person\/1cc5914c92b3ec8f7b422b2b98f49494\",\"name\":\"Anne-Laure NOUAILLE-DEGORCE\",\"logo\":{\"@id\":\"http:\/\/www.alnd-conseil.com\/www\/#personlogo\"}},{\"@type\":\"WebSite\",\"@id\":\"http:\/\/www.alnd-conseil.com\/www\/#website\",\"url\":\"http:\/\/www.alnd-conseil.com\/www\/\",\"name\":\"Artisan de lien social\",\"description\":\"ALND Conseil\",\"publisher\":{\"@id\":\"http:\/\/www.alnd-conseil.com\/www\/#\/schema\/person\/1cc5914c92b3ec8f7b422b2b98f49494\"},\"potentialAction\":[{\"@type\":\"SearchAction\",\"target\":\"http:\/\/www.alnd-conseil.com\/www\/?s={search_term_string}\",\"query-input\":\"required name=search_term_string\"}],\"inLanguage\":\"fr-FR\"},{\"@type\":\"ImageObject\",\"@id\":\"http:\/\/www.alnd-conseil.com\/www\/facilitation\/animation-de-seminaires-et-de-reunions-de-travail\/#primaryimage\",\"inLanguage\":\"fr-FR\",\"url\":\"http:\/\/www.alnd-conseil.com\/wp-content\/uploads\/2018\/12\/ALND_Facil-1-Ban.jpg\",\"width\":1418,\"height\":284},{\"@type\":\"WebPage\",\"@id\":\"http:\/\/www.alnd-conseil.com\/www\/facilitation\/animation-de-seminaires-et-de-reunions-de-travail\/#webpage\",\"url\":\"http:\/\/www.alnd-conseil.com\/www\/facilitation\/animation-de-seminaires-et-de-reunions-de-travail\/\",\"name\":\"Animation de s\\u00e9minaires et de r\\u00e9unions de travail | Artisan de lien social\",\"isPartOf\":{\"@id\":\"http:\/\/www.alnd-conseil.com\/www\/#website\"},\"primaryImageOfPage\":{\"@id\":\"http:\/\/www.alnd-conseil.com\/www\/facilitation\/animation-de-seminaires-et-de-reunions-de-travail\/#primaryimage\"},\"datePublished\":\"2018-11-23T06:14:50+00:00\",\"dateModified\":\"2021-07-11T14:48:00+00:00\",\"inLanguage\":\"fr-FR\",\"potentialAction\":[{\"@type\":\"ReadAction\",\"target\":[\"http:\/\/www.alnd-conseil.com\/www\/facilitation\/animation-de-seminaires-et-de-reunions-de-travail\/\"]}]}]}<\/script>\n<!-- \/ Yoast SEO plugin. -->","_links":{"self":[{"href":"http:\/\/www.alnd-conseil.com\/www\/wp-json\/wp\/v2\/pages\/59"}],"collection":[{"href":"http:\/\/www.alnd-conseil.com\/www\/wp-json\/wp\/v2\/pages"}],"about":[{"href":"http:\/\/www.alnd-conseil.com\/www\/wp-json\/wp\/v2\/types\/page"}],"author":[{"embeddable":true,"href":"http:\/\/www.alnd-conseil.com\/www\/wp-json\/wp\/v2\/users\/1"}],"replies":[{"embeddable":true,"href":"http:\/\/www.alnd-conseil.com\/www\/wp-json\/wp\/v2\/comments?post=59"}],"version-history":[{"count":5,"href":"http:\/\/www.alnd-conseil.com\/www\/wp-json\/wp\/v2\/pages\/59\/revisions"}],"predecessor-version":[{"id":3186,"href":"http:\/\/www.alnd-conseil.com\/www\/wp-json\/wp\/v2\/pages\/59\/revisions\/3186"}],"up":[{"embeddable":true,"href":"http:\/\/www.alnd-conseil.com\/www\/wp-json\/wp\/v2\/pages\/57"}],"wp:featuredmedia":[{"embeddable":true,"href":"http:\/\/www.alnd-conseil.com\/www\/wp-json\/wp\/v2\/media\/689"}],"wp:attachment":[{"href":"http:\/\/www.alnd-conseil.com\/www\/wp-json\/wp\/v2\/media?parent=59"}],"curies":[{"name":"wp","href":"https:\/\/api.w.org\/{rel}","templated":true}]}}