{"id":255,"date":"2018-11-23T07:02:52","date_gmt":"2018-11-23T06:02:52","guid":{"rendered":"https:\/\/alndconseil.wordpress.com\/?page_id=48"},"modified":"2021-07-11T17:10:57","modified_gmt":"2021-07-11T15:10:57","slug":"cellule-de-veille","status":"publish","type":"page","link":"https:\/\/www.alnd-conseil.com\/www\/rps-qvt\/cellule-de-veille\/","title":{"rendered":"Cellule de veille"},"content":{"rendered":"<p>Vous souhaitez suivre et traiter de mani\u00e8re pragmatique les cas individuels de souffrance au travail dans votre entreprise.<\/p>\n<p>Je vous accompagne pour mettre en place une cellule de veille dont le r\u00f4le est la d\u00e9tection et le traitement de situations de souffrance de salari\u00e9s.<\/p>\n<h5><span style=\"color: #6e204a;\"><strong>Ce qui caract\u00e9rise mon accompagnement :<\/strong><\/span><\/h5>\n<ul>\n<li style=\"color: #6e204a; list-style-type: circle;\"><span style=\"color: #5b371f;\">Une capacit\u00e9 \u00e0 faire travailler ensemble les diff\u00e9rents acteurs de la sant\u00e9 au travail\u00a0: direction, managers, RH, repr\u00e9sentants des salari\u00e9s, services de sant\u00e9 au travail, assistants sociaux, etc.<\/span><\/li>\n<li style=\"color: #6e204a; list-style-type: circle;\"><span style=\"color: #5b371f;\">Une tr\u00e8s grande attention aux aspects d\u00e9ontologiques\u00a0: ouverture d\u2019esprit, objectivit\u00e9, op\u00e9rationnalit\u00e9, confidentialit\u00e9<\/span><\/li>\n<\/ul>\n","protected":false},"excerpt":{"rendered":"<p>Vous souhaitez suivre et traiter de mani\u00e8re pragmatique les cas individuels de souffrance au travail dans votre entreprise. Je vous accompagne pour mettre en place une cellule de veille dont le r\u00f4le est la d\u00e9tection et le traitement de situations de souffrance de salari\u00e9s. Ce qui caract\u00e9rise mon accompagnement : Une capacit\u00e9 \u00e0 faire travailler [&hellip;]<\/p>\n","protected":false},"author":1,"featured_media":680,"parent":250,"menu_order":5,"comment_status":"closed","ping_status":"closed","template":"page-templates\/sidebar-page.php","meta":[],"yoast_head":"<!-- This site is optimized with the Yoast SEO plugin v14.6.1 - https:\/\/yoast.com\/wordpress\/plugins\/seo\/ -->\n<title>Cellule de veille | Artisan de lien social<\/title>\n<meta name=\"robots\" content=\"index, follow\" \/>\n<meta name=\"googlebot\" content=\"index, follow, max-snippet:-1, max-image-preview:large, max-video-preview:-1\" \/>\n<meta name=\"bingbot\" content=\"index, follow, max-snippet:-1, max-image-preview:large, max-video-preview:-1\" \/>\n<link rel=\"canonical\" href=\"http:\/\/www.alnd-conseil.com\/www\/rps-qvt\/cellule-de-veille\/\" \/>\n<meta property=\"og:locale\" content=\"fr_FR\" \/>\n<meta property=\"og:type\" content=\"article\" \/>\n<meta property=\"og:title\" content=\"Cellule de veille | Artisan de lien social\" \/>\n<meta property=\"og:description\" content=\"Vous souhaitez suivre et traiter de mani\u00e8re pragmatique les cas individuels de souffrance au travail dans votre entreprise. Je vous accompagne pour mettre en place une cellule de veille dont le r\u00f4le est la d\u00e9tection et le traitement de situations de souffrance de salari\u00e9s. Ce qui caract\u00e9rise mon accompagnement : Une capacit\u00e9 \u00e0 faire travailler [&hellip;]\" \/>\n<meta property=\"og:url\" content=\"http:\/\/www.alnd-conseil.com\/www\/rps-qvt\/cellule-de-veille\/\" \/>\n<meta property=\"og:site_name\" content=\"Artisan de lien social\" \/>\n<meta property=\"article:modified_time\" content=\"2021-07-11T15:10:57+00:00\" \/>\n<meta property=\"og:image\" content=\"https:\/\/www.alnd-conseil.com\/wp-content\/uploads\/2018\/12\/ALND_RPS-4-Ban.jpg\" \/>\n\t<meta property=\"og:image:width\" content=\"1418\" \/>\n\t<meta property=\"og:image:height\" content=\"284\" \/>\n<meta name=\"twitter:card\" content=\"summary_large_image\" \/>\n<script type=\"application\/ld+json\" class=\"yoast-schema-graph\">{\"@context\":\"https:\/\/schema.org\",\"@graph\":[{\"@type\":[\"Person\",\"Organization\"],\"@id\":\"https:\/\/www.alnd-conseil.com\/www\/#\/schema\/person\/1cc5914c92b3ec8f7b422b2b98f49494\",\"name\":\"Anne-Laure NOUAILLE-DEGORCE\",\"logo\":{\"@id\":\"https:\/\/www.alnd-conseil.com\/www\/#personlogo\"}},{\"@type\":\"WebSite\",\"@id\":\"https:\/\/www.alnd-conseil.com\/www\/#website\",\"url\":\"https:\/\/www.alnd-conseil.com\/www\/\",\"name\":\"Artisan de lien social\",\"description\":\"ALND Conseil\",\"publisher\":{\"@id\":\"https:\/\/www.alnd-conseil.com\/www\/#\/schema\/person\/1cc5914c92b3ec8f7b422b2b98f49494\"},\"potentialAction\":[{\"@type\":\"SearchAction\",\"target\":\"https:\/\/www.alnd-conseil.com\/www\/?s={search_term_string}\",\"query-input\":\"required name=search_term_string\"}],\"inLanguage\":\"fr-FR\"},{\"@type\":\"ImageObject\",\"@id\":\"http:\/\/www.alnd-conseil.com\/www\/rps-qvt\/cellule-de-veille\/#primaryimage\",\"inLanguage\":\"fr-FR\",\"url\":\"https:\/\/www.alnd-conseil.com\/wp-content\/uploads\/2018\/12\/ALND_RPS-4-Ban.jpg\",\"width\":1418,\"height\":284},{\"@type\":\"WebPage\",\"@id\":\"http:\/\/www.alnd-conseil.com\/www\/rps-qvt\/cellule-de-veille\/#webpage\",\"url\":\"http:\/\/www.alnd-conseil.com\/www\/rps-qvt\/cellule-de-veille\/\",\"name\":\"Cellule de veille | Artisan de lien social\",\"isPartOf\":{\"@id\":\"https:\/\/www.alnd-conseil.com\/www\/#website\"},\"primaryImageOfPage\":{\"@id\":\"http:\/\/www.alnd-conseil.com\/www\/rps-qvt\/cellule-de-veille\/#primaryimage\"},\"datePublished\":\"2018-11-23T06:02:52+00:00\",\"dateModified\":\"2021-07-11T15:10:57+00:00\",\"inLanguage\":\"fr-FR\",\"potentialAction\":[{\"@type\":\"ReadAction\",\"target\":[\"http:\/\/www.alnd-conseil.com\/www\/rps-qvt\/cellule-de-veille\/\"]}]}]}<\/script>\n<!-- \/ Yoast SEO plugin. -->","_links":{"self":[{"href":"https:\/\/www.alnd-conseil.com\/www\/wp-json\/wp\/v2\/pages\/255"}],"collection":[{"href":"https:\/\/www.alnd-conseil.com\/www\/wp-json\/wp\/v2\/pages"}],"about":[{"href":"https:\/\/www.alnd-conseil.com\/www\/wp-json\/wp\/v2\/types\/page"}],"author":[{"embeddable":true,"href":"https:\/\/www.alnd-conseil.com\/www\/wp-json\/wp\/v2\/users\/1"}],"replies":[{"embeddable":true,"href":"https:\/\/www.alnd-conseil.com\/www\/wp-json\/wp\/v2\/comments?post=255"}],"version-history":[{"count":5,"href":"https:\/\/www.alnd-conseil.com\/www\/wp-json\/wp\/v2\/pages\/255\/revisions"}],"predecessor-version":[{"id":3199,"href":"https:\/\/www.alnd-conseil.com\/www\/wp-json\/wp\/v2\/pages\/255\/revisions\/3199"}],"up":[{"embeddable":true,"href":"https:\/\/www.alnd-conseil.com\/www\/wp-json\/wp\/v2\/pages\/250"}],"wp:featuredmedia":[{"embeddable":true,"href":"https:\/\/www.alnd-conseil.com\/www\/wp-json\/wp\/v2\/media\/680"}],"wp:attachment":[{"href":"https:\/\/www.alnd-conseil.com\/www\/wp-json\/wp\/v2\/media?parent=255"}],"curies":[{"name":"wp","href":"https:\/\/api.w.org\/{rel}","templated":true}]}}