{"id":257,"date":"2018-11-23T07:16:40","date_gmt":"2018-11-23T06:16:40","guid":{"rendered":"https:\/\/alndconseil.wordpress.com\/?page_id=63"},"modified":"2021-07-11T17:15:09","modified_gmt":"2021-07-11T15:15:09","slug":"association-du-chsct-cse-lors-de-projets","status":"publish","type":"page","link":"https:\/\/www.alnd-conseil.com\/www\/facilitation\/association-du-chsct-cse-lors-de-projets\/","title":{"rendered":"Association CSSCT \/ CSE lors de projets"},"content":{"rendered":"<p>Vous menez un important projet (r\u00e9organisation, restructuration, d\u00e9m\u00e9nagement, introduction de nouvelles technologies, modification des horaires, etc.) et souhaitez faire jouer son r\u00f4le de veille et de force de proposition \u00e0 la CSSCT \/ au CSE.<\/p>\n<h5><span style=\"color: #6e204a;\"><strong>Je peux vous accompagner pour rendre le dialogue social utile et constructif :<\/strong><\/span><\/h5>\n<ul>\n<li style=\"list-style-type: none;\">\n<ul>\n<li style=\"color: #6e204a; list-style-type: circle;\"><span style=\"color: #5b371f;\">Etudes d\u2019impacts sur les conditions de sant\u00e9, s\u00e9curit\u00e9 et conditions de travail<\/span><\/li>\n<\/ul>\n<\/li>\n<\/ul>\n<ul>\n<li style=\"list-style-type: none;\">\n<ul>\n<li style=\"color: #6e204a; list-style-type: circle;\"><span style=\"color: #5b371f;\">Pr\u00e9paration de documents d\u2019information\/consultation pour la CSSCT \/ le CSE<\/span><\/li>\n<\/ul>\n<\/li>\n<\/ul>\n<ul>\n<li style=\"list-style-type: none;\">\n<ul>\n<li style=\"color: #6e204a; list-style-type: circle;\"><span style=\"color: #5b371f;\">Association des repr\u00e9sentants des salari\u00e9s \u00e0 la CSSCT \/ au CSE<\/span><\/li>\n<\/ul>\n<\/li>\n<\/ul>\n<ul>\n<li style=\"list-style-type: none;\">\n<ul>\n<li style=\"color: #6e204a; list-style-type: circle;\"><span style=\"color: #5b371f;\">Co-animation de la CSSCT \/ du CSE<\/span><\/li>\n<\/ul>\n<\/li>\n<\/ul>\n<h5><span style=\"color: #6e204a;\"><strong>Ce qui caract\u00e9rise mon accompagnement :<\/strong><\/span><\/h5>\n<ul>\n<li style=\"list-style-type: none;\">\n<ul>\n<li style=\"color: #6e204a; list-style-type: circle;\"><span style=\"color: #5b371f;\">Une tr\u00e8s bonne connaissance du fonctionnement des IRP, issue de plusieurs ann\u00e9es de pratique en tant qu\u2019expert aupr\u00e8s des CHSCT<\/span><\/li>\n<\/ul>\n<\/li>\n<\/ul>\n<ul>\n<li style=\"list-style-type: none;\">\n<ul>\n<li style=\"color: #6e204a; list-style-type: circle;\"><span style=\"color: #5b371f;\">Une capacit\u00e9 \u00e0 faire travailler ensemble repr\u00e9sentants des directions et des salari\u00e9s<\/span><\/li>\n<\/ul>\n<\/li>\n<\/ul>\n<h5><span style=\"color: #6e204a;\"><strong>Les ressources mobilis\u00e9es sont :<\/strong><\/span><\/h5>\n<ul>\n<li style=\"list-style-type: none;\">\n<ul>\n<li style=\"color: #6e204a; list-style-type: circle;\"><span style=\"color: #5b371f;\">Des outils d\u2019analyses d\u2019impacts sur les conditions de travail, issus de l\u2019analyse du travail et des organisations<\/span><\/li>\n<\/ul>\n<\/li>\n<\/ul>\n<ul>\n<li style=\"list-style-type: none;\">\n<ul>\n<li style=\"color: #6e204a; list-style-type: circle;\"><span style=\"color: #5b371f;\">Des outils d\u2019animation de collectifs bas\u00e9s sur l\u2019\u00e9coute et le respect de chacun, et permettant d\u2019aboutir \u00e0 des d\u00e9cisions partag\u00e9es<\/span><\/li>\n<\/ul>\n<\/li>\n<\/ul>\n","protected":false},"excerpt":{"rendered":"<p>Vous menez un important projet (r\u00e9organisation, restructuration, d\u00e9m\u00e9nagement, introduction de nouvelles technologies, modification des horaires, etc.) et souhaitez faire jouer son r\u00f4le de veille et de force de proposition \u00e0 la CSSCT \/ au CSE. Je peux vous accompagner pour rendre le dialogue social utile et constructif : Etudes d\u2019impacts sur les conditions de sant\u00e9, [&hellip;]<\/p>\n","protected":false},"author":1,"featured_media":661,"parent":57,"menu_order":4,"comment_status":"closed","ping_status":"closed","template":"page-templates\/sidebar-page.php","meta":[],"yoast_head":"<!-- This site is optimized with the Yoast SEO plugin v14.6.1 - https:\/\/yoast.com\/wordpress\/plugins\/seo\/ -->\n<title>Association CSSCT \/ CSE lors de projets | Artisan de lien social<\/title>\n<meta name=\"robots\" content=\"index, follow\" \/>\n<meta name=\"googlebot\" content=\"index, follow, max-snippet:-1, max-image-preview:large, max-video-preview:-1\" \/>\n<meta name=\"bingbot\" content=\"index, follow, max-snippet:-1, max-image-preview:large, max-video-preview:-1\" \/>\n<link rel=\"canonical\" href=\"http:\/\/www.alnd-conseil.com\/www\/facilitation\/association-du-chsct-cse-lors-de-projets\/\" \/>\n<meta property=\"og:locale\" content=\"fr_FR\" \/>\n<meta property=\"og:type\" content=\"article\" \/>\n<meta property=\"og:title\" content=\"Association CSSCT \/ CSE lors de projets | Artisan de lien social\" \/>\n<meta property=\"og:description\" content=\"Vous menez un important projet (r\u00e9organisation, restructuration, d\u00e9m\u00e9nagement, introduction de nouvelles technologies, modification des horaires, etc.) et souhaitez faire jouer son r\u00f4le de veille et de force de proposition \u00e0 la CSSCT \/ au CSE. Je peux vous accompagner pour rendre le dialogue social utile et constructif : Etudes d\u2019impacts sur les conditions de sant\u00e9, [&hellip;]\" \/>\n<meta property=\"og:url\" content=\"http:\/\/www.alnd-conseil.com\/www\/facilitation\/association-du-chsct-cse-lors-de-projets\/\" \/>\n<meta property=\"og:site_name\" content=\"Artisan de lien social\" \/>\n<meta property=\"article:modified_time\" content=\"2021-07-11T15:15:09+00:00\" \/>\n<meta property=\"og:image\" content=\"https:\/\/www.alnd-conseil.com\/wp-content\/uploads\/2018\/12\/ALND_Facil-4-Ban.jpg\" \/>\n\t<meta property=\"og:image:width\" content=\"1418\" \/>\n\t<meta property=\"og:image:height\" content=\"284\" \/>\n<meta name=\"twitter:card\" content=\"summary_large_image\" \/>\n<script type=\"application\/ld+json\" class=\"yoast-schema-graph\">{\"@context\":\"https:\/\/schema.org\",\"@graph\":[{\"@type\":[\"Person\",\"Organization\"],\"@id\":\"https:\/\/www.alnd-conseil.com\/www\/#\/schema\/person\/1cc5914c92b3ec8f7b422b2b98f49494\",\"name\":\"Anne-Laure NOUAILLE-DEGORCE\",\"logo\":{\"@id\":\"https:\/\/www.alnd-conseil.com\/www\/#personlogo\"}},{\"@type\":\"WebSite\",\"@id\":\"https:\/\/www.alnd-conseil.com\/www\/#website\",\"url\":\"https:\/\/www.alnd-conseil.com\/www\/\",\"name\":\"Artisan de lien social\",\"description\":\"ALND Conseil\",\"publisher\":{\"@id\":\"https:\/\/www.alnd-conseil.com\/www\/#\/schema\/person\/1cc5914c92b3ec8f7b422b2b98f49494\"},\"potentialAction\":[{\"@type\":\"SearchAction\",\"target\":\"https:\/\/www.alnd-conseil.com\/www\/?s={search_term_string}\",\"query-input\":\"required name=search_term_string\"}],\"inLanguage\":\"fr-FR\"},{\"@type\":\"ImageObject\",\"@id\":\"http:\/\/www.alnd-conseil.com\/www\/facilitation\/association-du-chsct-cse-lors-de-projets\/#primaryimage\",\"inLanguage\":\"fr-FR\",\"url\":\"https:\/\/www.alnd-conseil.com\/wp-content\/uploads\/2018\/12\/ALND_Facil-4-Ban.jpg\",\"width\":1418,\"height\":284},{\"@type\":\"WebPage\",\"@id\":\"http:\/\/www.alnd-conseil.com\/www\/facilitation\/association-du-chsct-cse-lors-de-projets\/#webpage\",\"url\":\"http:\/\/www.alnd-conseil.com\/www\/facilitation\/association-du-chsct-cse-lors-de-projets\/\",\"name\":\"Association CSSCT \/ CSE lors de projets | Artisan de lien social\",\"isPartOf\":{\"@id\":\"https:\/\/www.alnd-conseil.com\/www\/#website\"},\"primaryImageOfPage\":{\"@id\":\"http:\/\/www.alnd-conseil.com\/www\/facilitation\/association-du-chsct-cse-lors-de-projets\/#primaryimage\"},\"datePublished\":\"2018-11-23T06:16:40+00:00\",\"dateModified\":\"2021-07-11T15:15:09+00:00\",\"inLanguage\":\"fr-FR\",\"potentialAction\":[{\"@type\":\"ReadAction\",\"target\":[\"http:\/\/www.alnd-conseil.com\/www\/facilitation\/association-du-chsct-cse-lors-de-projets\/\"]}]}]}<\/script>\n<!-- \/ Yoast SEO plugin. -->","_links":{"self":[{"href":"https:\/\/www.alnd-conseil.com\/www\/wp-json\/wp\/v2\/pages\/257"}],"collection":[{"href":"https:\/\/www.alnd-conseil.com\/www\/wp-json\/wp\/v2\/pages"}],"about":[{"href":"https:\/\/www.alnd-conseil.com\/www\/wp-json\/wp\/v2\/types\/page"}],"author":[{"embeddable":true,"href":"https:\/\/www.alnd-conseil.com\/www\/wp-json\/wp\/v2\/users\/1"}],"replies":[{"embeddable":true,"href":"https:\/\/www.alnd-conseil.com\/www\/wp-json\/wp\/v2\/comments?post=257"}],"version-history":[{"count":9,"href":"https:\/\/www.alnd-conseil.com\/www\/wp-json\/wp\/v2\/pages\/257\/revisions"}],"predecessor-version":[{"id":3205,"href":"https:\/\/www.alnd-conseil.com\/www\/wp-json\/wp\/v2\/pages\/257\/revisions\/3205"}],"up":[{"embeddable":true,"href":"https:\/\/www.alnd-conseil.com\/www\/wp-json\/wp\/v2\/pages\/57"}],"wp:featuredmedia":[{"embeddable":true,"href":"https:\/\/www.alnd-conseil.com\/www\/wp-json\/wp\/v2\/media\/661"}],"wp:attachment":[{"href":"https:\/\/www.alnd-conseil.com\/www\/wp-json\/wp\/v2\/media?parent=257"}],"curies":[{"name":"wp","href":"https:\/\/api.w.org\/{rel}","templated":true}]}}