{"id":3164,"date":"2021-07-11T16:11:04","date_gmt":"2021-07-11T14:11:04","guid":{"rendered":"http:\/\/www.alnd-conseil.com\/www\/?page_id=3164"},"modified":"2021-07-11T17:08:47","modified_gmt":"2021-07-11T15:08:47","slug":"burn-out","status":"publish","type":"page","link":"https:\/\/www.alnd-conseil.com\/www\/burn-out\/","title":{"rendered":"Burn-Out"},"content":{"rendered":"\n<p class=\"has-text-color\" style=\"color:#392111\">Vous \u00eates confront\u00e9s \u00e0 des cas d\u2019\u00e9puisement professionnel au sein de vos \u00e9quipes.<\/p>\n\n\n\n<p class=\"has-text-color\" style=\"color:#392111\">Vous souhaitez accompagner vos salari\u00e9s en burn-out et pr\u00e9venir de nouveaux cas.<\/p>\n\n\n\n<h5><span style=\"color: #6e204a;\"><strong>Je vous accompagne \u00e0 trois niveaux&nbsp;:<\/strong><\/span><\/h5>\n\n\n\n<ul class=\"has-text-color\" style=\"color:#5b371f\"><li style=\"color: #6e204a; list-style-type: circle;\"><span style=\"color:#5b371f\">Accompagnement des personnes en burn-out pendant leur arr\u00eat de travail et\/ou \u00e0 leur retour<\/span><\/li><li style=\"color: #6e204a; list-style-type: circle;\"><span style=\"color:#5b371f\">Organisation de conf\u00e9rences sur l\u2019\u00e9puisement professionnel en collaboration avec un m\u00e9decin sp\u00e9cialis\u00e9<\/li><li>Animation d\u2019ateliers sur le th\u00e8me de la pr\u00e9vention du burn-out<\/span><\/li><\/ul>\n\n\n\n<h5><span style=\"color: #6e204a;\"><strong>Ce qui caract\u00e9rise mon accompagnement\u00a0:<\/strong><\/span><\/h5>\n\n\n\n<ul><li style=\"color: #6e204a; list-style-type: circle;\"><span style=\"color:#5b371f\">Des apports tr\u00e8s complets prenant en compte toutes les dimensions de l\u2019\u00e9puisement<\/span><\/li><li style=\"color: #6e204a; list-style-type: circle;\"><span style=\"color:#5b371f\">Une orientation-solution pour trouver des mani\u00e8res de fonctionner plus \u00ab&nbsp;\u00e9cologiques&nbsp;\u00bb pour les individus et les organisations<\/span><\/li><\/ul>\n\n\n\n<h5><span style=\"color: #6e204a;\"><strong>Les mod\u00e8les mobilis\u00e9s pour les accompagnements\u00a0:<\/strong><\/span><\/h5>\n\n\n\n<ul><li style=\"color: #6e204a; list-style-type: circle;\"><span style=\"color:#5b371f\" class=\"has-inline-color\">Les th\u00e9rapies br\u00e8ves de l\u2019\u00e9cole de Palo Alto<\/span><\/li><\/ul>\n\n\n\n<p><\/p>\n\n\n\n<p><\/p>\n","protected":false},"excerpt":{"rendered":"<p>Vous \u00eates confront\u00e9s \u00e0 des cas d\u2019\u00e9puisement professionnel au sein de vos \u00e9quipes. Vous souhaitez accompagner vos salari\u00e9s en burn-out et pr\u00e9venir de nouveaux cas. Je vous accompagne \u00e0 trois niveaux&nbsp;: Accompagnement des personnes en burn-out pendant leur arr\u00eat de travail et\/ou \u00e0 leur retour Organisation de conf\u00e9rences sur l\u2019\u00e9puisement professionnel en collaboration avec un [&hellip;]<\/p>\n","protected":false},"author":1,"featured_media":663,"parent":0,"menu_order":3,"comment_status":"closed","ping_status":"closed","template":"page-templates\/sidebar-page.php","meta":[],"yoast_head":"<!-- This site is optimized with the Yoast SEO plugin v14.6.1 - https:\/\/yoast.com\/wordpress\/plugins\/seo\/ -->\n<title>Burn-Out | Artisan de lien social<\/title>\n<meta name=\"robots\" content=\"index, follow\" \/>\n<meta name=\"googlebot\" content=\"index, follow, max-snippet:-1, max-image-preview:large, max-video-preview:-1\" \/>\n<meta name=\"bingbot\" content=\"index, follow, max-snippet:-1, max-image-preview:large, max-video-preview:-1\" \/>\n<link rel=\"canonical\" href=\"http:\/\/www.alnd-conseil.com\/www\/burn-out\/\" \/>\n<meta property=\"og:locale\" content=\"fr_FR\" \/>\n<meta property=\"og:type\" content=\"article\" \/>\n<meta property=\"og:title\" content=\"Burn-Out | Artisan de lien social\" \/>\n<meta property=\"og:description\" content=\"Vous \u00eates confront\u00e9s \u00e0 des cas d\u2019\u00e9puisement professionnel au sein de vos \u00e9quipes. Vous souhaitez accompagner vos salari\u00e9s en burn-out et pr\u00e9venir de nouveaux cas. Je vous accompagne \u00e0 trois niveaux&nbsp;: Accompagnement des personnes en burn-out pendant leur arr\u00eat de travail et\/ou \u00e0 leur retour Organisation de conf\u00e9rences sur l\u2019\u00e9puisement professionnel en collaboration avec un [&hellip;]\" \/>\n<meta property=\"og:url\" content=\"http:\/\/www.alnd-conseil.com\/www\/burn-out\/\" \/>\n<meta property=\"og:site_name\" content=\"Artisan de lien social\" \/>\n<meta property=\"article:modified_time\" content=\"2021-07-11T15:08:47+00:00\" \/>\n<meta property=\"og:image\" content=\"https:\/\/www.alnd-conseil.com\/wp-content\/uploads\/2018\/12\/ALND_RPS-2-Ban.jpg\" \/>\n\t<meta property=\"og:image:width\" content=\"1418\" \/>\n\t<meta property=\"og:image:height\" content=\"284\" \/>\n<meta name=\"twitter:card\" content=\"summary_large_image\" \/>\n<script type=\"application\/ld+json\" class=\"yoast-schema-graph\">{\"@context\":\"https:\/\/schema.org\",\"@graph\":[{\"@type\":[\"Person\",\"Organization\"],\"@id\":\"https:\/\/www.alnd-conseil.com\/www\/#\/schema\/person\/1cc5914c92b3ec8f7b422b2b98f49494\",\"name\":\"Anne-Laure NOUAILLE-DEGORCE\",\"logo\":{\"@id\":\"https:\/\/www.alnd-conseil.com\/www\/#personlogo\"}},{\"@type\":\"WebSite\",\"@id\":\"https:\/\/www.alnd-conseil.com\/www\/#website\",\"url\":\"https:\/\/www.alnd-conseil.com\/www\/\",\"name\":\"Artisan de lien social\",\"description\":\"ALND Conseil\",\"publisher\":{\"@id\":\"https:\/\/www.alnd-conseil.com\/www\/#\/schema\/person\/1cc5914c92b3ec8f7b422b2b98f49494\"},\"potentialAction\":[{\"@type\":\"SearchAction\",\"target\":\"https:\/\/www.alnd-conseil.com\/www\/?s={search_term_string}\",\"query-input\":\"required name=search_term_string\"}],\"inLanguage\":\"fr-FR\"},{\"@type\":\"ImageObject\",\"@id\":\"http:\/\/www.alnd-conseil.com\/www\/burn-out\/#primaryimage\",\"inLanguage\":\"fr-FR\",\"url\":\"https:\/\/www.alnd-conseil.com\/wp-content\/uploads\/2018\/12\/ALND_RPS-2-Ban.jpg\",\"width\":1418,\"height\":284},{\"@type\":\"WebPage\",\"@id\":\"http:\/\/www.alnd-conseil.com\/www\/burn-out\/#webpage\",\"url\":\"http:\/\/www.alnd-conseil.com\/www\/burn-out\/\",\"name\":\"Burn-Out | Artisan de lien social\",\"isPartOf\":{\"@id\":\"https:\/\/www.alnd-conseil.com\/www\/#website\"},\"primaryImageOfPage\":{\"@id\":\"http:\/\/www.alnd-conseil.com\/www\/burn-out\/#primaryimage\"},\"datePublished\":\"2021-07-11T14:11:04+00:00\",\"dateModified\":\"2021-07-11T15:08:47+00:00\",\"inLanguage\":\"fr-FR\",\"potentialAction\":[{\"@type\":\"ReadAction\",\"target\":[\"http:\/\/www.alnd-conseil.com\/www\/burn-out\/\"]}]}]}<\/script>\n<!-- \/ Yoast SEO plugin. -->","_links":{"self":[{"href":"https:\/\/www.alnd-conseil.com\/www\/wp-json\/wp\/v2\/pages\/3164"}],"collection":[{"href":"https:\/\/www.alnd-conseil.com\/www\/wp-json\/wp\/v2\/pages"}],"about":[{"href":"https:\/\/www.alnd-conseil.com\/www\/wp-json\/wp\/v2\/types\/page"}],"author":[{"embeddable":true,"href":"https:\/\/www.alnd-conseil.com\/www\/wp-json\/wp\/v2\/users\/1"}],"replies":[{"embeddable":true,"href":"https:\/\/www.alnd-conseil.com\/www\/wp-json\/wp\/v2\/comments?post=3164"}],"version-history":[{"count":4,"href":"https:\/\/www.alnd-conseil.com\/www\/wp-json\/wp\/v2\/pages\/3164\/revisions"}],"predecessor-version":[{"id":3197,"href":"https:\/\/www.alnd-conseil.com\/www\/wp-json\/wp\/v2\/pages\/3164\/revisions\/3197"}],"wp:featuredmedia":[{"embeddable":true,"href":"https:\/\/www.alnd-conseil.com\/www\/wp-json\/wp\/v2\/media\/663"}],"wp:attachment":[{"href":"https:\/\/www.alnd-conseil.com\/www\/wp-json\/wp\/v2\/media?parent=3164"}],"curies":[{"name":"wp","href":"https:\/\/api.w.org\/{rel}","templated":true}]}}