{"id":342,"date":"2018-11-25T22:26:10","date_gmt":"2018-11-25T21:26:10","guid":{"rendered":"https:\/\/alndconseil.wordpress.com\/?page_id=342"},"modified":"2020-03-26T10:42:42","modified_gmt":"2020-03-26T09:42:42","slug":"mes-references","status":"publish","type":"page","link":"https:\/\/www.alnd-conseil.com\/www\/contact-2\/mes-references\/","title":{"rendered":"Mes r\u00e9f\u00e9rences"},"content":{"rendered":"<ul>\n \t<li><span style=\"color: #99cc00;\"><a href=\"#refer\">R\u00e9f\u00e9rences<\/a><\/span><\/li>\n \t<li><span style=\"color: #99cc00;\"><a href=\"#temoin\">T\u00e9moignages clients<\/a><\/span><\/li>\n \t<li><span style=\"color: #99cc00;\"><a href=\"#bilan\">Bilan de missions<\/a><\/span><\/li>\n<\/ul>\n<p id=\"refer\"><\/p>\nCi-dessous quelques r\u00e9f\u00e9rences, non exhaustives, pour raisons de confidentialit\u00e9 :\n\n<!-- \/wp:paragraph -->\n\n<!-- wp:list -->\n<ul>\n \t<li style=\"color: #d1d72d; list-style-type: circle;\">\n<h5><span style=\"color: #d1d72d;\"><strong>Social, m\u00e9dico-social, sanitaire<\/strong><\/span><\/h5>\n<\/li>\n<\/ul>\n<!-- \/wp:list -->\n\n<!-- wp:image {\"id\":134,\"align\":\"center\",\"width\":375,\"height\":225} -->\n<div class=\"wp-block-image\">\n<figure class=\"aligncenter is-resized\"><img loading=\"lazy\" class=\"wp-image-134 aligncenter\" src=\"http:\/\/alnd-conseil.com\/wp-content\/uploads\/2018\/11\/ALND-R\u00e9f_1.jpg\" alt=\"\" width=\"375\" height=\"225\" srcset=\"https:\/\/www.alnd-conseil.com\/wp-content\/uploads\/2018\/11\/ALND-R\u00e9f_1.jpg 1559w, https:\/\/www.alnd-conseil.com\/wp-content\/uploads\/2018\/11\/ALND-R\u00e9f_1-166x100.jpg 166w, https:\/\/www.alnd-conseil.com\/wp-content\/uploads\/2018\/11\/ALND-R\u00e9f_1-300x181.jpg 300w, https:\/\/www.alnd-conseil.com\/wp-content\/uploads\/2018\/11\/ALND-R\u00e9f_1-768x462.jpg 768w, https:\/\/www.alnd-conseil.com\/wp-content\/uploads\/2018\/11\/ALND-R\u00e9f_1-1024x616.jpg 1024w\" sizes=\"(max-width: 375px) 100vw, 375px\" \/><\/figure>\n<\/div>\n<p style=\"text-align: center;\"><a href=\"http:\/\/www.alnd-conseil.com\/wp-admin\/post.php?post=342&amp;action=edit#refer\"><img loading=\"lazy\" class=\"alignnone  wp-image-3106\" src=\"http:\/\/www.alnd-conseil.com\/wp-content\/uploads\/2020\/03\/ghnd_logo-complet1-300x100.jpg\" alt=\"\" width=\"147\" height=\"49\" srcset=\"https:\/\/www.alnd-conseil.com\/wp-content\/uploads\/2020\/03\/ghnd_logo-complet1-300x100.jpg 300w, https:\/\/www.alnd-conseil.com\/wp-content\/uploads\/2020\/03\/ghnd_logo-complet1-768x256.jpg 768w, https:\/\/www.alnd-conseil.com\/wp-content\/uploads\/2020\/03\/ghnd_logo-complet1-765x260.jpg 765w, https:\/\/www.alnd-conseil.com\/wp-content\/uploads\/2020\/03\/ghnd_logo-complet1.jpg 780w\" sizes=\"(max-width: 147px) 100vw, 147px\" \/><\/a><\/p>\n<!-- \/wp:image -->\n\n<!-- wp:list -->\n<ul>\n \t<li style=\"color: #d1d72d; list-style-type: circle;\">\n<h5><span style=\"color: #d1d72d;\"><strong>Protection sociale<\/strong><\/span><\/h5>\n<\/li>\n<\/ul>\n<!-- \/wp:list -->\n\n<!-- wp:image {\"id\":135,\"align\":\"center\",\"width\":347,\"height\":208} -->\n<div class=\"wp-block-image\">\n<figure class=\"aligncenter is-resized\"><img loading=\"lazy\" class=\"wp-image-135 aligncenter\" src=\"http:\/\/alnd-conseil.com\/wp-content\/uploads\/2018\/11\/ALND-R\u00e9f_2-1024x616.jpg\" alt=\"\" width=\"347\" height=\"208\" srcset=\"https:\/\/www.alnd-conseil.com\/wp-content\/uploads\/2018\/11\/ALND-R\u00e9f_2-1024x616.jpg 1024w, https:\/\/www.alnd-conseil.com\/wp-content\/uploads\/2018\/11\/ALND-R\u00e9f_2-166x100.jpg 166w, https:\/\/www.alnd-conseil.com\/wp-content\/uploads\/2018\/11\/ALND-R\u00e9f_2-300x181.jpg 300w, https:\/\/www.alnd-conseil.com\/wp-content\/uploads\/2018\/11\/ALND-R\u00e9f_2-768x462.jpg 768w, https:\/\/www.alnd-conseil.com\/wp-content\/uploads\/2018\/11\/ALND-R\u00e9f_2.jpg 1559w\" sizes=\"(max-width: 347px) 100vw, 347px\" \/><\/figure>\n<\/div>\n<span style=\"color: #d1d72d;\"><!-- \/wp:image --><\/span>\n\n<span style=\"color: #d1d72d;\"><!-- wp:list --><\/span>\n<ul>\n \t<li style=\"color: #d1d72d; list-style-type: circle;\">\n<h5><span style=\"color: #d1d72d;\"><strong>Industrie &amp; Transport<\/strong><\/span><\/h5>\n<\/li>\n<\/ul>\n<!-- \/wp:list -->\n\n<!-- wp:image {\"id\":144,\"align\":\"center\"} -->\n<div class=\"wp-block-image\">\n<figure class=\"aligncenter\"><img loading=\"lazy\" width=\"300\" height=\"93\" class=\"wp-image-144 aligncenter\" src=\"http:\/\/alnd-conseil.com\/wp-content\/uploads\/2018\/11\/ALND-R\u00e9f_3-1-300x93.jpg\" alt=\"\" srcset=\"https:\/\/www.alnd-conseil.com\/wp-content\/uploads\/2018\/11\/ALND-R\u00e9f_3-1-300x93.jpg 300w, https:\/\/www.alnd-conseil.com\/wp-content\/uploads\/2018\/11\/ALND-R\u00e9f_3-1-323x100.jpg 323w, https:\/\/www.alnd-conseil.com\/wp-content\/uploads\/2018\/11\/ALND-R\u00e9f_3-1-768x237.jpg 768w, https:\/\/www.alnd-conseil.com\/wp-content\/uploads\/2018\/11\/ALND-R\u00e9f_3-1-1024x317.jpg 1024w, https:\/\/www.alnd-conseil.com\/wp-content\/uploads\/2018\/11\/ALND-R\u00e9f_3-1.jpg 1559w\" sizes=\"(max-width: 300px) 100vw, 300px\" \/><\/figure>\n<img loading=\"lazy\" class=\" wp-image-3077 aligncenter\" src=\"http:\/\/www.alnd-conseil.com\/wp-content\/uploads\/2020\/03\/Salomon_sports_logo-300x188.jpg\" alt=\"\" width=\"96\" height=\"60\" srcset=\"https:\/\/www.alnd-conseil.com\/wp-content\/uploads\/2020\/03\/Salomon_sports_logo-300x188.jpg 300w, https:\/\/www.alnd-conseil.com\/wp-content\/uploads\/2020\/03\/Salomon_sports_logo.jpg 607w, https:\/\/www.alnd-conseil.com\/wp-content\/uploads\/2020\/03\/Salomon_sports_logo-160x100.jpg 160w\" sizes=\"(max-width: 96px) 100vw, 96px\" \/>\n\n<\/div>\n<span style=\"color: #d1d72d;\"><!-- \/wp:image --><\/span>\n\n<span style=\"color: #d1d72d;\"><!-- wp:list --><\/span>\n<ul>\n \t<li style=\"color: #d1d72d; list-style-type: circle;\">\n<h5><span style=\"color: #d1d72d;\"><strong>Tertiaire<\/strong><\/span><\/h5>\n<\/li>\n<\/ul>\n<!-- \/wp:list -->\n\n<!-- wp:image {\"id\":142,\"align\":\"center\"} -->\n<div class=\"wp-block-image\">\n<figure class=\"aligncenter\"><img loading=\"lazy\" class=\"aligncenter wp-image-3034 size-medium\" src=\"http:\/\/www.alnd-conseil.com\/wp-content\/uploads\/2019\/03\/ALND-R\u00e9f_4-300x181.jpg\" alt=\"\" width=\"300\" height=\"181\" srcset=\"https:\/\/www.alnd-conseil.com\/wp-content\/uploads\/2019\/03\/ALND-R\u00e9f_4-300x181.jpg 300w, https:\/\/www.alnd-conseil.com\/wp-content\/uploads\/2019\/03\/ALND-R\u00e9f_4-768x462.jpg 768w, https:\/\/www.alnd-conseil.com\/wp-content\/uploads\/2019\/03\/ALND-R\u00e9f_4-1024x616.jpg 1024w, https:\/\/www.alnd-conseil.com\/wp-content\/uploads\/2019\/03\/ALND-R\u00e9f_4-166x100.jpg 166w, https:\/\/www.alnd-conseil.com\/wp-content\/uploads\/2019\/03\/ALND-R\u00e9f_4.jpg 1559w\" sizes=\"(max-width: 300px) 100vw, 300px\" \/><\/figure>\n<\/div>\n<span style=\"color: #d1d72d;\"><!-- \/wp:image --><\/span>\n\n<span style=\"color: #d1d72d;\"><!-- wp:list --><\/span>\n<ul>\n \t<li style=\"color: #d1d72d; list-style-type: circle;\">\n<h5><span style=\"color: #d1d72d;\"><strong>Service supports<\/strong><\/span><\/h5>\n<\/li>\n<\/ul>\n<!-- \/wp:list -->\n\n<!-- wp:image {\"id\":143,\"align\":\"center\"} -->\n<div class=\"wp-block-image\">\n<figure class=\"aligncenter\"><img loading=\"lazy\" width=\"300\" height=\"59\" class=\"wp-image-143 aligncenter\" src=\"http:\/\/alnd-conseil.com\/wp-content\/uploads\/2018\/11\/ALND-R\u00e9f_5-300x59.jpg\" alt=\"\" srcset=\"https:\/\/www.alnd-conseil.com\/wp-content\/uploads\/2018\/11\/ALND-R\u00e9f_5-300x59.jpg 300w, https:\/\/www.alnd-conseil.com\/wp-content\/uploads\/2018\/11\/ALND-R\u00e9f_5-380x75.jpg 380w, https:\/\/www.alnd-conseil.com\/wp-content\/uploads\/2018\/11\/ALND-R\u00e9f_5-768x152.jpg 768w, https:\/\/www.alnd-conseil.com\/wp-content\/uploads\/2018\/11\/ALND-R\u00e9f_5-1024x203.jpg 1024w, https:\/\/www.alnd-conseil.com\/wp-content\/uploads\/2018\/11\/ALND-R\u00e9f_5.jpg 1559w\" sizes=\"(max-width: 300px) 100vw, 300px\" \/><\/figure>\n<\/div>\n<!-- \/wp:image -->\n<p id=\"temoin\"><!-- wp:heading {\"level\":3} --><\/p>\n\n<h2><span style=\"color: #d1d72d;\">T\u00e9moignages clients<\/span><\/h2>\n<!-- \/wp:heading -->\n\n<!-- wp:paragraph -->\n\nMission de type \u00ab\u00a0suspicion de harc\u00e8lement\u00a0\u00bb\n\n<!-- \/wp:paragraph -->\n\n<!-- wp:quote {\"className\":\"is-style-default\"} -->\n<blockquote class=\"wp-block-quote is-style-default\"><span style=\"font-size: 72%;\">Anne-Laure Nouaille-Degorce nous a aid\u00e9s dans l\u2019\u00e9valuation d\u2019une situation conflictuelle au sein d\u2019un d\u00e9partement. Son approche pos\u00e9e, rationnelle et objective a su mettre en confiance l\u2019ensemble des participants \u00e0 l\u2019analyse m\u00eame les plus impliqu\u00e9s, incluant Salari\u00e9s et Direction. Elle a parfaitement r\u00e9ussi \u00e0 faire prendre conscience des situations anormales en environnement de travail et a amen\u00e9 les personnes concern\u00e9es \u00e0 les accepter et les faire changer. Son rapport \u00e9tait parfaitement r\u00e9aliste et mesur\u00e9. Il proposait des pistes d\u2019actions qui semblent d\u2019ores et d\u00e9j\u00e0 donner des effets positifs. Sa maitrise de l\u2019anglais a \u00e9t\u00e9 un atout non n\u00e9gligeable dans un environnement de travail international. Nous sommes ravis de cette collaboration qui est all\u00e9 au-del\u00e0 de nos esp\u00e9rances.<\/span><\/blockquote>\n<!-- \/wp:quote -->\n\n<!-- wp:paragraph {\"align\":\"right\"} -->\n<p style=\"text-align: right;\"><em>Sandrine G. DRH Group<\/em><\/p>\n<!-- \/wp:paragraph -->\n\n<!-- wp:paragraph -->\n\nMission de type \u00ab\u00a0animation de s\u00e9ances de travail\u00a0\u00bb\n\n<!-- \/wp:paragraph -->\n\n<!-- wp:quote {\"className\":\"is-style-default\"} -->\n<blockquote class=\"wp-block-quote is-style-default \"><span style=\"font-size: 72%;\">Suite \u00e0 notre derni\u00e8re s\u00e9ance, j&rsquo;ai demand\u00e9 \u00e0 notre RH de pouvoir disposer avec vous d&rsquo;au moins 2 s\u00e9ances compl\u00e9mentaires de travail d&rsquo;ici fin d&rsquo;ann\u00e9e, pour boucler nos 2 sujets, car votre accompagnement nous est tr\u00e8s pr\u00e9cieux pour avancer dans nos r\u00e9flexions et structurer l&rsquo;ensemble, tandis que nous exprimons tous les 4 nos contributions !<\/span><\/blockquote>\n<!-- \/wp:quote -->\n\n<!-- wp:paragraph {\"align\":\"right\"} -->\n<p style=\"text-align: right;\"><em>Karine N. Directrice de service<\/em><\/p>\n<p id=\"bilan\"><!-- \/wp:paragraph --><\/p>\n<!-- wp:heading {\"level\":3,\"align\":\"left\"} -->\n<h2 style=\"text-align: left;\"><span style=\"color: #d1d72d;\">Bilan de missions<\/span><\/h2>\n<!-- \/wp:heading -->\n\n<!-- wp:heading {\"level\":5,\"align\":\"left\"} -->\n<h5 style=\"text-align: left;\">Mission D\u00e9marche QVT<\/h5>\n<!-- \/wp:heading -->\n\n<!-- wp:paragraph -->\n\nEntretien avec le Directeur\u00a0:\n\n<!-- \/wp:paragraph -->\n\n<!-- wp:list -->\n<ul style=\"color: #d1d72d;\">\n \t<li><span style=\"color: #000000;\">ALND est en position de partenaire, dans une relation de proximit\u00e9 et de confiance<\/span><\/li>\n \t<li><span style=\"color: #000000;\">Les nombreuses r\u00e9unions de travail en Copil ont permis, au-del\u00e0 de la construction du plan d\u2019actions, de rel\u00e2cher les tensions, de faire avancer les mentalit\u00e9s, de r\u00e9expliquer le r\u00f4le de chacun.<\/span><\/li>\n \t<li><span style=\"color: #000000;\">Les premi\u00e8res actions mises en place portent d\u00e9j\u00e0 leurs fruits.<\/span><\/li>\n \t<li><span style=\"color: #000000;\">La r\u00e9union pl\u00e9ni\u00e8re de pr\u00e9sentation du diagnostic et du plan d\u2019actions, puis le Forum Ouvert ont \u00e9t\u00e9 un moment tr\u00e8s fort, o\u00f9 tout le monde a pu s\u2019exprimer et a le sentiment d\u2019avoir \u00e9t\u00e9 entendu.<\/span><\/li>\n \t<li><span style=\"color: #000000;\">Cette intervention a permis de donner de la l\u00e9gitimit\u00e9 au CHSCT.<\/span><\/li>\n \t<li><span style=\"color: #000000;\">Elle a aussi permis de rel\u00e9gitimer les managers de proximit\u00e9 aux yeux des IRP.<\/span><\/li>\n<\/ul>\n<!-- \/wp:list -->\n\n<!-- wp:heading {\"level\":5} -->\n<h5>Co-d\u00e9veloppement<\/h5>\n<!-- \/wp:heading -->\n\n<!-- wp:paragraph -->\n\nR\u00e9union de bilan d\u2019un cycle de co-d\u00e9veloppement de managers de proximit\u00e9. Ce que le co-d\u00e9veloppement nous a apport\u00e9\u00a0:\n\n<!-- \/wp:paragraph -->\n\n<!-- wp:paragraph -->\n\n<!-- \/wp:paragraph -->\n\n<!-- wp:list -->\n<ul style=\"color: #d1d72d;\">\n \t<li style=\"list-style-type: disc;\"><span style=\"color: #000000;\"><strong>Consolidation de pratiques manag\u00e9riales<\/strong><\/span>\n<ul>\n \t<li><span style=\"color: #000000;\">Construction de ce vers quoi on souhaite tendre en termes de pratiques manag\u00e9riales, davantage de coh\u00e9rence dans nos actions<\/span><\/li>\n \t<li><span style=\"color: #000000;\">Conscientisation des pratiques, des fonctionnements, prise de recul sur ses pratiques, changement de posture<\/span><\/li>\n \t<li><span style=\"color: #000000;\">Equilibre entre respect des diff\u00e9rences et harmonisation des pratiques<\/span><\/li>\n<\/ul>\n<\/li>\n<\/ul>\n<ul style=\"color: #d1d72d;\">\n \t<li style=\"list-style-type: disc;\"><span style=\"color: #000000;\"><strong>Construction du collectif<\/strong><\/span>\n<ul>\n \t<li><span style=\"color: #000000;\">Coh\u00e9sion d\u2019\u00e9quipe, construction d\u2019un groupe de pairs, davantage de liens et de confiance<\/span><\/li>\n \t<li><span style=\"color: #000000;\">Prise de conscience du fait qu\u2019on peut s\u2019appuyer sur les coll\u00e8gues, se sentir moins seul, la confiance permet de se reposer sur les autres et de s\u2019all\u00e9ger<\/span><\/li>\n \t<li><span style=\"color: #000000;\">Bienveillance, d\u00e9passer les images qu\u2019on avait les uns des autres, il n\u2019y a plus de suspicion, d\u2019a priori, de crainte du jugement, de l\u2019incompr\u00e9hension, de la r\u00e9cup\u00e9ration<\/span><\/li>\n \t<li><span style=\"color: #000000;\">La somme des \u00e9nergies cr\u00e9e de la synergie, groupe soutenant, volont\u00e9 d\u2019avancer ensemble<\/span><\/li>\n \t<li><span style=\"color: #000000;\">D\u00e9couverte r\u00e9ciproque entre les diff\u00e9rents services<\/span><\/li>\n<\/ul>\n<\/li>\n<\/ul>\n<ul style=\"color: #d1d72d;\">\n \t<li style=\"list-style-type: disc;\"><span style=\"color: #000000;\"><strong>Richesse du processus<\/strong><\/span>\n<ul>\n \t<li><span style=\"color: #000000;\">Elaborer des pens\u00e9es dans un cadre d\u00e9di\u00e9, seul lieu pour parler de son travail, endroit o\u00f9 on se pose<\/span><\/li>\n \t<li><span style=\"color: #000000;\">S\u00e9curit\u00e9, par la bienveillance et la structure du process, qui permet de vrais \u00e9changes et partages<\/span><\/li>\n \t<li><span style=\"color: #000000;\">Regards ext\u00e9rieurs, enrichissement par l\u2019exp\u00e9rience des autres, le partage d\u2019id\u00e9es et de questionnements<\/span><\/li>\n \t<li><span style=\"color: #000000;\">Aide au discernement, qui permet de prendre des d\u00e9cisions, de faire des choix<\/span><\/li>\n \t<li><span style=\"color: #000000;\">Donne de l\u2019\u00e9nergie, motive, permet de proposer des choses.<\/span><\/li>\n \t<li><span style=\"color: #000000;\">Exercice consistant \u00e0 faire confiance, ce qui n\u00e9cessite de se d\u00e9passer<\/span><\/li>\n \t<li><span style=\"color: #000000;\">Chaque s\u00e9ance apporte quelque chose, contrairement \u00e0 d\u2019autres types de r\u00e9unions, par ex l\u2019APP o\u00f9 on parle juste de situations, alors qu\u2019en co-d\u00e9veloppement, on construit quelque chose<\/span><\/li>\n<\/ul>\n<\/li>\n<\/ul>","protected":false},"excerpt":{"rendered":"<p>R\u00e9f\u00e9rences T\u00e9moignages clients Bilan de missions Ci-dessous quelques r\u00e9f\u00e9rences, non exhaustives, pour raisons de confidentialit\u00e9 : Social, m\u00e9dico-social, sanitaire Protection sociale Industrie &amp; Transport Tertiaire Service supports T\u00e9moignages clients Mission de type \u00ab\u00a0suspicion de harc\u00e8lement\u00a0\u00bb Anne-Laure Nouaille-Degorce nous a aid\u00e9s dans l\u2019\u00e9valuation d\u2019une situation conflictuelle au sein d\u2019un d\u00e9partement. Son approche pos\u00e9e, rationnelle et objective [&hellip;]<\/p>\n","protected":false},"author":1,"featured_media":687,"parent":347,"menu_order":2,"comment_status":"closed","ping_status":"closed","template":"page-templates\/sidebar-page.php","meta":[],"yoast_head":"<!-- This site is optimized with the Yoast SEO plugin v14.6.1 - https:\/\/yoast.com\/wordpress\/plugins\/seo\/ -->\n<title>Mes r\u00e9f\u00e9rences | Artisan de lien social<\/title>\n<meta name=\"robots\" content=\"index, follow\" \/>\n<meta name=\"googlebot\" content=\"index, follow, max-snippet:-1, max-image-preview:large, max-video-preview:-1\" \/>\n<meta name=\"bingbot\" content=\"index, follow, max-snippet:-1, max-image-preview:large, max-video-preview:-1\" \/>\n<link rel=\"canonical\" href=\"http:\/\/www.alnd-conseil.com\/www\/contact-2\/mes-references\/\" \/>\n<meta property=\"og:locale\" content=\"fr_FR\" \/>\n<meta property=\"og:type\" content=\"article\" \/>\n<meta property=\"og:title\" content=\"Mes r\u00e9f\u00e9rences | Artisan de lien social\" \/>\n<meta property=\"og:description\" content=\"R\u00e9f\u00e9rences T\u00e9moignages clients Bilan de missions Ci-dessous quelques r\u00e9f\u00e9rences, non exhaustives, pour raisons de confidentialit\u00e9 : Social, m\u00e9dico-social, sanitaire Protection sociale Industrie &amp; Transport Tertiaire Service supports T\u00e9moignages clients Mission de type \u00ab\u00a0suspicion de harc\u00e8lement\u00a0\u00bb Anne-Laure Nouaille-Degorce nous a aid\u00e9s dans l\u2019\u00e9valuation d\u2019une situation conflictuelle au sein d\u2019un d\u00e9partement. Son approche pos\u00e9e, rationnelle et objective [&hellip;]\" \/>\n<meta property=\"og:url\" content=\"http:\/\/www.alnd-conseil.com\/www\/contact-2\/mes-references\/\" \/>\n<meta property=\"og:site_name\" content=\"Artisan de lien social\" \/>\n<meta property=\"article:modified_time\" content=\"2020-03-26T09:42:42+00:00\" \/>\n<meta property=\"og:image\" content=\"https:\/\/www.alnd-conseil.com\/wp-content\/uploads\/2018\/12\/ALND_Contact-1-ban.jpg\" \/>\n\t<meta property=\"og:image:width\" content=\"956\" \/>\n\t<meta property=\"og:image:height\" content=\"284\" \/>\n<meta name=\"twitter:card\" content=\"summary_large_image\" \/>\n<script type=\"application\/ld+json\" class=\"yoast-schema-graph\">{\"@context\":\"https:\/\/schema.org\",\"@graph\":[{\"@type\":[\"Person\",\"Organization\"],\"@id\":\"https:\/\/www.alnd-conseil.com\/www\/#\/schema\/person\/1cc5914c92b3ec8f7b422b2b98f49494\",\"name\":\"Anne-Laure NOUAILLE-DEGORCE\",\"logo\":{\"@id\":\"https:\/\/www.alnd-conseil.com\/www\/#personlogo\"}},{\"@type\":\"WebSite\",\"@id\":\"https:\/\/www.alnd-conseil.com\/www\/#website\",\"url\":\"https:\/\/www.alnd-conseil.com\/www\/\",\"name\":\"Artisan de lien social\",\"description\":\"ALND Conseil\",\"publisher\":{\"@id\":\"https:\/\/www.alnd-conseil.com\/www\/#\/schema\/person\/1cc5914c92b3ec8f7b422b2b98f49494\"},\"potentialAction\":[{\"@type\":\"SearchAction\",\"target\":\"https:\/\/www.alnd-conseil.com\/www\/?s={search_term_string}\",\"query-input\":\"required name=search_term_string\"}],\"inLanguage\":\"fr-FR\"},{\"@type\":\"ImageObject\",\"@id\":\"http:\/\/www.alnd-conseil.com\/www\/contact-2\/mes-references\/#primaryimage\",\"inLanguage\":\"fr-FR\",\"url\":\"https:\/\/www.alnd-conseil.com\/wp-content\/uploads\/2018\/12\/ALND_Contact-1-ban.jpg\",\"width\":956,\"height\":284},{\"@type\":\"WebPage\",\"@id\":\"http:\/\/www.alnd-conseil.com\/www\/contact-2\/mes-references\/#webpage\",\"url\":\"http:\/\/www.alnd-conseil.com\/www\/contact-2\/mes-references\/\",\"name\":\"Mes r\\u00e9f\\u00e9rences | Artisan de lien social\",\"isPartOf\":{\"@id\":\"https:\/\/www.alnd-conseil.com\/www\/#website\"},\"primaryImageOfPage\":{\"@id\":\"http:\/\/www.alnd-conseil.com\/www\/contact-2\/mes-references\/#primaryimage\"},\"datePublished\":\"2018-11-25T21:26:10+00:00\",\"dateModified\":\"2020-03-26T09:42:42+00:00\",\"inLanguage\":\"fr-FR\",\"potentialAction\":[{\"@type\":\"ReadAction\",\"target\":[\"http:\/\/www.alnd-conseil.com\/www\/contact-2\/mes-references\/\"]}]}]}<\/script>\n<!-- \/ Yoast SEO plugin. -->","_links":{"self":[{"href":"https:\/\/www.alnd-conseil.com\/www\/wp-json\/wp\/v2\/pages\/342"}],"collection":[{"href":"https:\/\/www.alnd-conseil.com\/www\/wp-json\/wp\/v2\/pages"}],"about":[{"href":"https:\/\/www.alnd-conseil.com\/www\/wp-json\/wp\/v2\/types\/page"}],"author":[{"embeddable":true,"href":"https:\/\/www.alnd-conseil.com\/www\/wp-json\/wp\/v2\/users\/1"}],"replies":[{"embeddable":true,"href":"https:\/\/www.alnd-conseil.com\/www\/wp-json\/wp\/v2\/comments?post=342"}],"version-history":[{"count":60,"href":"https:\/\/www.alnd-conseil.com\/www\/wp-json\/wp\/v2\/pages\/342\/revisions"}],"predecessor-version":[{"id":3112,"href":"https:\/\/www.alnd-conseil.com\/www\/wp-json\/wp\/v2\/pages\/342\/revisions\/3112"}],"up":[{"embeddable":true,"href":"https:\/\/www.alnd-conseil.com\/www\/wp-json\/wp\/v2\/pages\/347"}],"wp:featuredmedia":[{"embeddable":true,"href":"https:\/\/www.alnd-conseil.com\/www\/wp-json\/wp\/v2\/media\/687"}],"wp:attachment":[{"href":"https:\/\/www.alnd-conseil.com\/www\/wp-json\/wp\/v2\/media?parent=342"}],"curies":[{"name":"wp","href":"https:\/\/api.w.org\/{rel}","templated":true}]}}