{"id":40,"date":"2018-11-23T06:56:11","date_gmt":"2018-11-23T05:56:11","guid":{"rendered":"https:\/\/alndconseil.wordpress.com\/?page_id=40"},"modified":"2021-07-11T16:52:06","modified_gmt":"2021-07-11T14:52:06","slug":"cellule-decoute","status":"publish","type":"page","link":"https:\/\/www.alnd-conseil.com\/www\/rps-qvt\/cellule-decoute\/","title":{"rendered":"Cellule d\u2019\u00e9coute"},"content":{"rendered":"<p>Vous souhaitez faire accompagner vos salari\u00e9s en mal-\u00eatre ou en souffrance, pour qu\u2019ils aillent mieux, pr\u00e9venir la d\u00e9mobilisation individuelle et collective, ainsi que l\u2019absent\u00e9isme.<\/p>\n<p>Je les accueille pour qu\u2019ils viennent parler de leurs difficult\u00e9s au travail et les aide \u00e0 recontacter leurs ressources.<\/p>\n<h5><span style=\"color: #6e204a;\"><strong>Ce qui caract\u00e9rise mon accompagnement :<\/strong><\/span><\/h5>\n<ul>\n<li style=\"color: #6e204a; list-style-type: circle;\"><span style=\"color: #5b371f;\">Une \u00e9coute bienveillante, sans jugement, une capacit\u00e9 \u00e0 mettre en confiance<\/span><\/li>\n<li style=\"color: #6e204a; list-style-type: circle;\"><span style=\"color: #5b371f;\">Un accompagnement qui entend la souffrance et aide \u00e0 la d\u00e9passer pour sortir d\u2019une position de victime<\/span><\/li>\n<li style=\"color: #6e204a; list-style-type: circle;\"><span style=\"color: #5b371f;\">Un strict respect de la confidentialit\u00e9<\/span><\/li>\n<\/ul>\n<h5><span style=\"color: #6e204a;\"><strong>Les mod\u00e8les mobilis\u00e9s sont :<\/strong><\/span><\/h5>\n<ul>\n<li style=\"color: #6e204a; list-style-type: circle;\"><span style=\"color: #5b371f;\">La th\u00e9rapie br\u00e8ve syst\u00e9mique et strat\u00e9gique de l\u2019\u00e9cole de Palo Alto<\/span><\/li>\n<\/ul>\n","protected":false},"excerpt":{"rendered":"<p>Vous souhaitez faire accompagner vos salari\u00e9s en mal-\u00eatre ou en souffrance, pour qu\u2019ils aillent mieux, pr\u00e9venir la d\u00e9mobilisation individuelle et collective, ainsi que l\u2019absent\u00e9isme. Je les accueille pour qu\u2019ils viennent parler de leurs difficult\u00e9s au travail et les aide \u00e0 recontacter leurs ressources. Ce qui caract\u00e9rise mon accompagnement : Une \u00e9coute bienveillante, sans jugement, une [&hellip;]<\/p>\n","protected":false},"author":1,"featured_media":663,"parent":250,"menu_order":2,"comment_status":"closed","ping_status":"closed","template":"page-templates\/sidebar-page.php","meta":[],"yoast_head":"<!-- This site is optimized with the Yoast SEO plugin v14.6.1 - https:\/\/yoast.com\/wordpress\/plugins\/seo\/ -->\n<title>Cellule d\u2019\u00e9coute | Artisan de lien social<\/title>\n<meta name=\"robots\" content=\"index, follow\" \/>\n<meta name=\"googlebot\" content=\"index, follow, max-snippet:-1, max-image-preview:large, max-video-preview:-1\" \/>\n<meta name=\"bingbot\" content=\"index, follow, max-snippet:-1, max-image-preview:large, max-video-preview:-1\" \/>\n<link rel=\"canonical\" href=\"http:\/\/www.alnd-conseil.com\/www\/rps-qvt\/cellule-decoute\/\" \/>\n<meta property=\"og:locale\" content=\"fr_FR\" \/>\n<meta property=\"og:type\" content=\"article\" \/>\n<meta property=\"og:title\" content=\"Cellule d\u2019\u00e9coute | Artisan de lien social\" \/>\n<meta property=\"og:description\" content=\"Vous souhaitez faire accompagner vos salari\u00e9s en mal-\u00eatre ou en souffrance, pour qu\u2019ils aillent mieux, pr\u00e9venir la d\u00e9mobilisation individuelle et collective, ainsi que l\u2019absent\u00e9isme. Je les accueille pour qu\u2019ils viennent parler de leurs difficult\u00e9s au travail et les aide \u00e0 recontacter leurs ressources. Ce qui caract\u00e9rise mon accompagnement : Une \u00e9coute bienveillante, sans jugement, une [&hellip;]\" \/>\n<meta property=\"og:url\" content=\"http:\/\/www.alnd-conseil.com\/www\/rps-qvt\/cellule-decoute\/\" \/>\n<meta property=\"og:site_name\" content=\"Artisan de lien social\" \/>\n<meta property=\"article:modified_time\" content=\"2021-07-11T14:52:06+00:00\" \/>\n<meta property=\"og:image\" content=\"https:\/\/www.alnd-conseil.com\/wp-content\/uploads\/2018\/12\/ALND_RPS-2-Ban.jpg\" \/>\n\t<meta property=\"og:image:width\" content=\"1418\" \/>\n\t<meta property=\"og:image:height\" content=\"284\" \/>\n<meta name=\"twitter:card\" content=\"summary_large_image\" \/>\n<script type=\"application\/ld+json\" class=\"yoast-schema-graph\">{\"@context\":\"https:\/\/schema.org\",\"@graph\":[{\"@type\":[\"Person\",\"Organization\"],\"@id\":\"https:\/\/www.alnd-conseil.com\/www\/#\/schema\/person\/1cc5914c92b3ec8f7b422b2b98f49494\",\"name\":\"Anne-Laure NOUAILLE-DEGORCE\",\"logo\":{\"@id\":\"https:\/\/www.alnd-conseil.com\/www\/#personlogo\"}},{\"@type\":\"WebSite\",\"@id\":\"https:\/\/www.alnd-conseil.com\/www\/#website\",\"url\":\"https:\/\/www.alnd-conseil.com\/www\/\",\"name\":\"Artisan de lien social\",\"description\":\"ALND Conseil\",\"publisher\":{\"@id\":\"https:\/\/www.alnd-conseil.com\/www\/#\/schema\/person\/1cc5914c92b3ec8f7b422b2b98f49494\"},\"potentialAction\":[{\"@type\":\"SearchAction\",\"target\":\"https:\/\/www.alnd-conseil.com\/www\/?s={search_term_string}\",\"query-input\":\"required name=search_term_string\"}],\"inLanguage\":\"fr-FR\"},{\"@type\":\"ImageObject\",\"@id\":\"http:\/\/www.alnd-conseil.com\/www\/rps-qvt\/cellule-decoute\/#primaryimage\",\"inLanguage\":\"fr-FR\",\"url\":\"https:\/\/www.alnd-conseil.com\/wp-content\/uploads\/2018\/12\/ALND_RPS-2-Ban.jpg\",\"width\":1418,\"height\":284},{\"@type\":\"WebPage\",\"@id\":\"http:\/\/www.alnd-conseil.com\/www\/rps-qvt\/cellule-decoute\/#webpage\",\"url\":\"http:\/\/www.alnd-conseil.com\/www\/rps-qvt\/cellule-decoute\/\",\"name\":\"Cellule d\\u2019\\u00e9coute | Artisan de lien social\",\"isPartOf\":{\"@id\":\"https:\/\/www.alnd-conseil.com\/www\/#website\"},\"primaryImageOfPage\":{\"@id\":\"http:\/\/www.alnd-conseil.com\/www\/rps-qvt\/cellule-decoute\/#primaryimage\"},\"datePublished\":\"2018-11-23T05:56:11+00:00\",\"dateModified\":\"2021-07-11T14:52:06+00:00\",\"inLanguage\":\"fr-FR\",\"potentialAction\":[{\"@type\":\"ReadAction\",\"target\":[\"http:\/\/www.alnd-conseil.com\/www\/rps-qvt\/cellule-decoute\/\"]}]}]}<\/script>\n<!-- \/ Yoast SEO plugin. -->","_links":{"self":[{"href":"https:\/\/www.alnd-conseil.com\/www\/wp-json\/wp\/v2\/pages\/40"}],"collection":[{"href":"https:\/\/www.alnd-conseil.com\/www\/wp-json\/wp\/v2\/pages"}],"about":[{"href":"https:\/\/www.alnd-conseil.com\/www\/wp-json\/wp\/v2\/types\/page"}],"author":[{"embeddable":true,"href":"https:\/\/www.alnd-conseil.com\/www\/wp-json\/wp\/v2\/users\/1"}],"replies":[{"embeddable":true,"href":"https:\/\/www.alnd-conseil.com\/www\/wp-json\/wp\/v2\/comments?post=40"}],"version-history":[{"count":22,"href":"https:\/\/www.alnd-conseil.com\/www\/wp-json\/wp\/v2\/pages\/40\/revisions"}],"predecessor-version":[{"id":3189,"href":"https:\/\/www.alnd-conseil.com\/www\/wp-json\/wp\/v2\/pages\/40\/revisions\/3189"}],"up":[{"embeddable":true,"href":"https:\/\/www.alnd-conseil.com\/www\/wp-json\/wp\/v2\/pages\/250"}],"wp:featuredmedia":[{"embeddable":true,"href":"https:\/\/www.alnd-conseil.com\/www\/wp-json\/wp\/v2\/media\/663"}],"wp:attachment":[{"href":"https:\/\/www.alnd-conseil.com\/www\/wp-json\/wp\/v2\/media?parent=40"}],"curies":[{"name":"wp","href":"https:\/\/api.w.org\/{rel}","templated":true}]}}