{"id":52,"date":"2018-11-23T07:07:59","date_gmt":"2018-11-23T06:07:59","guid":{"rendered":"https:\/\/alndconseil.wordpress.com\/?page_id=52"},"modified":"2021-07-11T17:12:36","modified_gmt":"2021-07-11T15:12:36","slug":"demarche-qualite-de-vie-au-travail-2","status":"publish","type":"page","link":"https:\/\/www.alnd-conseil.com\/www\/rps-qvt\/demarche-qualite-de-vie-au-travail-2\/","title":{"rendered":"D\u00e9marche Qualit\u00e9 de Vie au Travail (QVT)"},"content":{"rendered":"<p>Conscients du fait que performances sociales et \u00e9conomiques sont indissociables, vous souhaitez mettre en \u0153uvre une d\u00e9marche d\u2019am\u00e9lioration de la qualit\u00e9 de vie au travail.<\/p>\n<h5><span style=\"color: #863065;\"><strong>M&rsquo;appuyant sur la m\u00e9thodologie ANACT, je vous accompagne \u00e0 chaque \u00e9tape de la d\u00e9marche :<\/strong><\/span><\/h5>\n<ol>\n<li>Conception de la d\u00e9marche\u00a0: enjeux et cadre de la d\u00e9marche, Copil paritaire\u2026<\/li>\n<li>Diagnostic\u00a0: analyse du travail, probl\u00e9matiques prioritaires\u2026<\/li>\n<li>Mise en \u0153uvre d\u2019actions\u00a0: espaces de discussions, formations, exp\u00e9rimentations\u2026<\/li>\n<li>P\u00e9rennisation\u00a0: capitalisation, appropriation, dispositif de suivi\u2026<\/li>\n<\/ol>\n<h5><span style=\"color: #863065;\"><strong>Ce qui caract\u00e9rise mon accompagnement :<\/strong><\/span><\/h5>\n<ul>\n<li style=\"color: #6e204a; list-style-type: circle;\"><span style=\"color: #5b371f;\">La mobilisation des parties prenantes<\/span><\/li>\n<li style=\"color: #6e204a; list-style-type: circle;\"><span style=\"color: #5b371f;\">L\u2019association des salari\u00e9s<\/span><\/li>\n<li style=\"color: #6e204a; list-style-type: circle;\"><span style=\"color: #5b371f;\">La rigueur de la gestion de projet<\/span><\/li>\n<\/ul>\n<h5><span style=\"color: #863065;\"><strong>Les ressources mobilis\u00e9es sont :<\/strong><\/span><\/h5>\n<ul>\n<li style=\"color: #6e204a; list-style-type: circle;\"><span style=\"color: #5b371f;\">Une double comp\u00e9tence : \u00c9cole de commerce + analyse du travail permettant d\u2019optimiser les organisations et les process ET d\u2019accroitre le bien-\u00eatre des salari\u00e9s<\/span><\/li>\n<\/ul>\n<h5><span style=\"color: #863065;\"><strong>Ce qu\u2019apporte l\u2019intervention :<\/strong><\/span><\/h5>\n<ul>\n<li style=\"color: #6e204a; list-style-type: circle;\"><span style=\"color: #5b371f;\">Identification des atouts et difficult\u00e9s de l\u2019organisation et priorisation des sujets \u00e0 traiter<\/span><\/li>\n<li style=\"color: #6e204a; list-style-type: circle;\"><span style=\"color: #5b371f;\">\u00c9laboration de mesures concr\u00e8tes et op\u00e9rationnelles construites sur mesure &#8211; pouvant concerner l&rsquo;organisation du travail, les proc\u00e9dures, les pratiques manag\u00e9riales et RH, les dispositifs de pr\u00e9vention, etc.<\/span><\/li>\n<li style=\"color: #6e204a; list-style-type: circle;\"><span style=\"color: #5b371f;\">Mise en mouvement des acteurs en les mobilisant autour d\u2019un projet permettant d\u2019allier qualit\u00e9 du travail et qualit\u00e9 de vie au travail, pour accro\u00eetre l\u2019efficacit\u00e9 op\u00e9rationnelle et la performance globale<\/span><\/li>\n<li style=\"color: #6e204a; list-style-type: circle;\"><span style=\"color: #5b371f;\">Alimentation d\u2019un dialogue social constructif entre les partenaires sociaux<\/span><\/li>\n<\/ul>\n","protected":false},"excerpt":{"rendered":"<p>Conscients du fait que performances sociales et \u00e9conomiques sont indissociables, vous souhaitez mettre en \u0153uvre une d\u00e9marche d\u2019am\u00e9lioration de la qualit\u00e9 de vie au travail. M&rsquo;appuyant sur la m\u00e9thodologie ANACT, je vous accompagne \u00e0 chaque \u00e9tape de la d\u00e9marche : Conception de la d\u00e9marche\u00a0: enjeux et cadre de la d\u00e9marche, Copil paritaire\u2026 Diagnostic\u00a0: analyse du [&hellip;]<\/p>\n","protected":false},"author":1,"featured_media":666,"parent":250,"menu_order":7,"comment_status":"closed","ping_status":"closed","template":"page-templates\/sidebar-page.php","meta":[],"yoast_head":"<!-- This site is optimized with the Yoast SEO plugin v14.6.1 - https:\/\/yoast.com\/wordpress\/plugins\/seo\/ -->\n<title>D\u00e9marche Qualit\u00e9 de Vie au Travail (QVT) | Artisan de lien social<\/title>\n<meta name=\"description\" content=\"Performances sociales et \u00e9conomiques sont indissociables, vous souhaitez mettre en \u0153uvre une d\u00e9marche d\u2019am\u00e9lioration de la qualit\u00e9 de vie au travail\" \/>\n<meta name=\"robots\" content=\"index, follow\" \/>\n<meta name=\"googlebot\" content=\"index, follow, max-snippet:-1, max-image-preview:large, max-video-preview:-1\" \/>\n<meta name=\"bingbot\" content=\"index, follow, max-snippet:-1, max-image-preview:large, max-video-preview:-1\" \/>\n<link rel=\"canonical\" href=\"http:\/\/www.alnd-conseil.com\/www\/rps-qvt\/demarche-qualite-de-vie-au-travail-2\/\" \/>\n<meta property=\"og:locale\" content=\"fr_FR\" \/>\n<meta property=\"og:type\" content=\"article\" \/>\n<meta property=\"og:title\" content=\"D\u00e9marche Qualit\u00e9 de Vie au Travail (QVT) | Artisan de lien social\" \/>\n<meta property=\"og:description\" content=\"Performances sociales et \u00e9conomiques sont indissociables, vous souhaitez mettre en \u0153uvre une d\u00e9marche d\u2019am\u00e9lioration de la qualit\u00e9 de vie au travail\" \/>\n<meta property=\"og:url\" content=\"http:\/\/www.alnd-conseil.com\/www\/rps-qvt\/demarche-qualite-de-vie-au-travail-2\/\" \/>\n<meta property=\"og:site_name\" content=\"Artisan de lien social\" \/>\n<meta property=\"article:modified_time\" content=\"2021-07-11T15:12:36+00:00\" \/>\n<meta property=\"og:image\" content=\"https:\/\/www.alnd-conseil.com\/wp-content\/uploads\/2018\/12\/ALND_RPS-6-Ban.jpg\" \/>\n\t<meta property=\"og:image:width\" content=\"1418\" \/>\n\t<meta property=\"og:image:height\" content=\"284\" \/>\n<meta name=\"twitter:card\" content=\"summary_large_image\" \/>\n<script type=\"application\/ld+json\" class=\"yoast-schema-graph\">{\"@context\":\"https:\/\/schema.org\",\"@graph\":[{\"@type\":[\"Person\",\"Organization\"],\"@id\":\"https:\/\/www.alnd-conseil.com\/www\/#\/schema\/person\/1cc5914c92b3ec8f7b422b2b98f49494\",\"name\":\"Anne-Laure NOUAILLE-DEGORCE\",\"logo\":{\"@id\":\"https:\/\/www.alnd-conseil.com\/www\/#personlogo\"}},{\"@type\":\"WebSite\",\"@id\":\"https:\/\/www.alnd-conseil.com\/www\/#website\",\"url\":\"https:\/\/www.alnd-conseil.com\/www\/\",\"name\":\"Artisan de lien social\",\"description\":\"ALND Conseil\",\"publisher\":{\"@id\":\"https:\/\/www.alnd-conseil.com\/www\/#\/schema\/person\/1cc5914c92b3ec8f7b422b2b98f49494\"},\"potentialAction\":[{\"@type\":\"SearchAction\",\"target\":\"https:\/\/www.alnd-conseil.com\/www\/?s={search_term_string}\",\"query-input\":\"required name=search_term_string\"}],\"inLanguage\":\"fr-FR\"},{\"@type\":\"ImageObject\",\"@id\":\"http:\/\/www.alnd-conseil.com\/www\/rps-qvt\/demarche-qualite-de-vie-au-travail-2\/#primaryimage\",\"inLanguage\":\"fr-FR\",\"url\":\"https:\/\/www.alnd-conseil.com\/wp-content\/uploads\/2018\/12\/ALND_RPS-6-Ban.jpg\",\"width\":1418,\"height\":284},{\"@type\":\"WebPage\",\"@id\":\"http:\/\/www.alnd-conseil.com\/www\/rps-qvt\/demarche-qualite-de-vie-au-travail-2\/#webpage\",\"url\":\"http:\/\/www.alnd-conseil.com\/www\/rps-qvt\/demarche-qualite-de-vie-au-travail-2\/\",\"name\":\"D\\u00e9marche Qualit\\u00e9 de Vie au Travail (QVT) | Artisan de lien social\",\"isPartOf\":{\"@id\":\"https:\/\/www.alnd-conseil.com\/www\/#website\"},\"primaryImageOfPage\":{\"@id\":\"http:\/\/www.alnd-conseil.com\/www\/rps-qvt\/demarche-qualite-de-vie-au-travail-2\/#primaryimage\"},\"datePublished\":\"2018-11-23T06:07:59+00:00\",\"dateModified\":\"2021-07-11T15:12:36+00:00\",\"description\":\"Performances sociales et \\u00e9conomiques sont indissociables, vous souhaitez mettre en \\u0153uvre une d\\u00e9marche d\\u2019am\\u00e9lioration de la qualit\\u00e9 de vie au travail\",\"inLanguage\":\"fr-FR\",\"potentialAction\":[{\"@type\":\"ReadAction\",\"target\":[\"http:\/\/www.alnd-conseil.com\/www\/rps-qvt\/demarche-qualite-de-vie-au-travail-2\/\"]}]}]}<\/script>\n<!-- \/ Yoast SEO plugin. -->","_links":{"self":[{"href":"https:\/\/www.alnd-conseil.com\/www\/wp-json\/wp\/v2\/pages\/52"}],"collection":[{"href":"https:\/\/www.alnd-conseil.com\/www\/wp-json\/wp\/v2\/pages"}],"about":[{"href":"https:\/\/www.alnd-conseil.com\/www\/wp-json\/wp\/v2\/types\/page"}],"author":[{"embeddable":true,"href":"https:\/\/www.alnd-conseil.com\/www\/wp-json\/wp\/v2\/users\/1"}],"replies":[{"embeddable":true,"href":"https:\/\/www.alnd-conseil.com\/www\/wp-json\/wp\/v2\/comments?post=52"}],"version-history":[{"count":7,"href":"https:\/\/www.alnd-conseil.com\/www\/wp-json\/wp\/v2\/pages\/52\/revisions"}],"predecessor-version":[{"id":3201,"href":"https:\/\/www.alnd-conseil.com\/www\/wp-json\/wp\/v2\/pages\/52\/revisions\/3201"}],"up":[{"embeddable":true,"href":"https:\/\/www.alnd-conseil.com\/www\/wp-json\/wp\/v2\/pages\/250"}],"wp:featuredmedia":[{"embeddable":true,"href":"https:\/\/www.alnd-conseil.com\/www\/wp-json\/wp\/v2\/media\/666"}],"wp:attachment":[{"href":"https:\/\/www.alnd-conseil.com\/www\/wp-json\/wp\/v2\/media?parent=52"}],"curies":[{"name":"wp","href":"https:\/\/api.w.org\/{rel}","templated":true}]}}