{"id":61,"date":"2018-11-23T07:15:52","date_gmt":"2018-11-23T06:15:52","guid":{"rendered":"https:\/\/alndconseil.wordpress.com\/?page_id=61"},"modified":"2021-07-11T17:13:06","modified_gmt":"2021-07-11T15:13:06","slug":"facilitation-des-collaborations","status":"publish","type":"page","link":"https:\/\/www.alnd-conseil.com\/www\/facilitation\/facilitation-des-collaborations\/","title":{"rendered":"Facilitation des collaborations"},"content":{"rendered":"<p>Vous faites le constat que certains processus ne sont pas fluides, qu\u2019il y a des fonctionnements en silos, que certaines t\u00e2ches sont faites en double, ou pas du tout, qu\u2019il y a des allers-retours inutiles entre services, que la r\u00e9partition des r\u00f4les n\u2019est pas claire\u2026<\/p>\n<p>Vous ne parvenez pas \u00e0 optimiser les fonctionnements, car chacun poursuit ses propres objectifs.<\/p>\n<p>Je vous accompagne pour construire avec vous des fonctionnements optimis\u00e9s, qui tiennent compte des imp\u00e9ratifs op\u00e9rationnels ainsi que des relations inter-personnelles.<\/p>\n<h5><span style=\"color: #6e204a;\">Ce qui caract\u00e9rise mon accompagnement :<\/span><\/h5>\n<ul>\n<li style=\"color: #6e204a; list-style-type: circle;\"><span style=\"color: #5b371f;\">La mise en place d\u2019un dialogue professionnel autour du travail<\/span><\/li>\n<li style=\"color: #6e204a; list-style-type: circle;\"><span style=\"color: #5b371f;\">Un travail de rapprochement des repr\u00e9sentations et de d\u00e9passement des postures<\/span><\/li>\n<\/ul>\n<h5><span style=\"color: #6e204a;\">Les mod\u00e8les mobilis\u00e9s sont :<\/span><\/h5>\n<ul>\n<li style=\"color: #6e204a; list-style-type: circle;\"><span style=\"color: #5b371f;\">L\u2019analyse du travail et des organisations<\/span><\/li>\n<li style=\"color: #6e204a; list-style-type: circle;\"><span style=\"color: #5b371f;\">La construction de processus de travail<\/span><\/li>\n<\/ul>\n","protected":false},"excerpt":{"rendered":"<p>Vous faites le constat que certains processus ne sont pas fluides, qu\u2019il y a des fonctionnements en silos, que certaines t\u00e2ches sont faites en double, ou pas du tout, qu\u2019il y a des allers-retours inutiles entre services, que la r\u00e9partition des r\u00f4les n\u2019est pas claire\u2026 Vous ne parvenez pas \u00e0 optimiser les fonctionnements, car chacun [&hellip;]<\/p>\n","protected":false},"author":1,"featured_media":659,"parent":57,"menu_order":2,"comment_status":"closed","ping_status":"closed","template":"page-templates\/sidebar-page.php","meta":[],"yoast_head":"<!-- This site is optimized with the Yoast SEO plugin v14.6.1 - https:\/\/yoast.com\/wordpress\/plugins\/seo\/ -->\n<title>Facilitation des collaborations | Artisan de lien social<\/title>\n<meta name=\"robots\" content=\"index, follow\" \/>\n<meta name=\"googlebot\" content=\"index, follow, max-snippet:-1, max-image-preview:large, max-video-preview:-1\" \/>\n<meta name=\"bingbot\" content=\"index, follow, max-snippet:-1, max-image-preview:large, max-video-preview:-1\" \/>\n<link rel=\"canonical\" href=\"http:\/\/www.alnd-conseil.com\/www\/facilitation\/facilitation-des-collaborations\/\" \/>\n<meta property=\"og:locale\" content=\"fr_FR\" \/>\n<meta property=\"og:type\" content=\"article\" \/>\n<meta property=\"og:title\" content=\"Facilitation des collaborations | Artisan de lien social\" \/>\n<meta property=\"og:description\" content=\"Vous faites le constat que certains processus ne sont pas fluides, qu\u2019il y a des fonctionnements en silos, que certaines t\u00e2ches sont faites en double, ou pas du tout, qu\u2019il y a des allers-retours inutiles entre services, que la r\u00e9partition des r\u00f4les n\u2019est pas claire\u2026 Vous ne parvenez pas \u00e0 optimiser les fonctionnements, car chacun [&hellip;]\" \/>\n<meta property=\"og:url\" content=\"http:\/\/www.alnd-conseil.com\/www\/facilitation\/facilitation-des-collaborations\/\" \/>\n<meta property=\"og:site_name\" content=\"Artisan de lien social\" \/>\n<meta property=\"article:modified_time\" content=\"2021-07-11T15:13:06+00:00\" \/>\n<meta property=\"og:image\" content=\"https:\/\/www.alnd-conseil.com\/wp-content\/uploads\/2018\/12\/ALND_Facil-2-Ban.jpg\" \/>\n\t<meta property=\"og:image:width\" content=\"1418\" \/>\n\t<meta property=\"og:image:height\" content=\"284\" \/>\n<meta name=\"twitter:card\" content=\"summary_large_image\" \/>\n<script type=\"application\/ld+json\" class=\"yoast-schema-graph\">{\"@context\":\"https:\/\/schema.org\",\"@graph\":[{\"@type\":[\"Person\",\"Organization\"],\"@id\":\"https:\/\/www.alnd-conseil.com\/www\/#\/schema\/person\/1cc5914c92b3ec8f7b422b2b98f49494\",\"name\":\"Anne-Laure NOUAILLE-DEGORCE\",\"logo\":{\"@id\":\"https:\/\/www.alnd-conseil.com\/www\/#personlogo\"}},{\"@type\":\"WebSite\",\"@id\":\"https:\/\/www.alnd-conseil.com\/www\/#website\",\"url\":\"https:\/\/www.alnd-conseil.com\/www\/\",\"name\":\"Artisan de lien social\",\"description\":\"ALND Conseil\",\"publisher\":{\"@id\":\"https:\/\/www.alnd-conseil.com\/www\/#\/schema\/person\/1cc5914c92b3ec8f7b422b2b98f49494\"},\"potentialAction\":[{\"@type\":\"SearchAction\",\"target\":\"https:\/\/www.alnd-conseil.com\/www\/?s={search_term_string}\",\"query-input\":\"required name=search_term_string\"}],\"inLanguage\":\"fr-FR\"},{\"@type\":\"ImageObject\",\"@id\":\"http:\/\/www.alnd-conseil.com\/www\/facilitation\/facilitation-des-collaborations\/#primaryimage\",\"inLanguage\":\"fr-FR\",\"url\":\"https:\/\/www.alnd-conseil.com\/wp-content\/uploads\/2018\/12\/ALND_Facil-2-Ban.jpg\",\"width\":1418,\"height\":284},{\"@type\":\"WebPage\",\"@id\":\"http:\/\/www.alnd-conseil.com\/www\/facilitation\/facilitation-des-collaborations\/#webpage\",\"url\":\"http:\/\/www.alnd-conseil.com\/www\/facilitation\/facilitation-des-collaborations\/\",\"name\":\"Facilitation des collaborations | Artisan de lien social\",\"isPartOf\":{\"@id\":\"https:\/\/www.alnd-conseil.com\/www\/#website\"},\"primaryImageOfPage\":{\"@id\":\"http:\/\/www.alnd-conseil.com\/www\/facilitation\/facilitation-des-collaborations\/#primaryimage\"},\"datePublished\":\"2018-11-23T06:15:52+00:00\",\"dateModified\":\"2021-07-11T15:13:06+00:00\",\"inLanguage\":\"fr-FR\",\"potentialAction\":[{\"@type\":\"ReadAction\",\"target\":[\"http:\/\/www.alnd-conseil.com\/www\/facilitation\/facilitation-des-collaborations\/\"]}]}]}<\/script>\n<!-- \/ Yoast SEO plugin. -->","_links":{"self":[{"href":"https:\/\/www.alnd-conseil.com\/www\/wp-json\/wp\/v2\/pages\/61"}],"collection":[{"href":"https:\/\/www.alnd-conseil.com\/www\/wp-json\/wp\/v2\/pages"}],"about":[{"href":"https:\/\/www.alnd-conseil.com\/www\/wp-json\/wp\/v2\/types\/page"}],"author":[{"embeddable":true,"href":"https:\/\/www.alnd-conseil.com\/www\/wp-json\/wp\/v2\/users\/1"}],"replies":[{"embeddable":true,"href":"https:\/\/www.alnd-conseil.com\/www\/wp-json\/wp\/v2\/comments?post=61"}],"version-history":[{"count":7,"href":"https:\/\/www.alnd-conseil.com\/www\/wp-json\/wp\/v2\/pages\/61\/revisions"}],"predecessor-version":[{"id":3202,"href":"https:\/\/www.alnd-conseil.com\/www\/wp-json\/wp\/v2\/pages\/61\/revisions\/3202"}],"up":[{"embeddable":true,"href":"https:\/\/www.alnd-conseil.com\/www\/wp-json\/wp\/v2\/pages\/57"}],"wp:featuredmedia":[{"embeddable":true,"href":"https:\/\/www.alnd-conseil.com\/www\/wp-json\/wp\/v2\/media\/659"}],"wp:attachment":[{"href":"https:\/\/www.alnd-conseil.com\/www\/wp-json\/wp\/v2\/media?parent=61"}],"curies":[{"name":"wp","href":"https:\/\/api.w.org\/{rel}","templated":true}]}}