{"id":65,"date":"2018-11-23T07:17:30","date_gmt":"2018-11-23T06:17:30","guid":{"rendered":"https:\/\/alndconseil.wordpress.com\/?page_id=65"},"modified":"2021-07-11T17:14:20","modified_gmt":"2021-07-11T15:14:20","slug":"impacts-de-projets-sur-les-conditions-de-travail","status":"publish","type":"page","link":"https:\/\/www.alnd-conseil.com\/www\/facilitation\/impacts-de-projets-sur-les-conditions-de-travail\/","title":{"rendered":"Impacts de projets sur les conditions de travail"},"content":{"rendered":"<p>Vous menez un important projet (r\u00e9organisation, restructuration, d\u00e9m\u00e9nagement, introduction de nouvelles technologies, modification des horaires, etc.) et souhaitez en connaitre les impacts en termes RH et conditions de travail, pour accompagner au mieux sa mise en place.<\/p>\n<p>Je peux vous accompagner pour r\u00e9aliser des analyses d\u2019impacts et vous proposer des ajustements et s\u00e9quencements permettant une meilleure viabilit\u00e9 et acceptabilit\u00e9 sociale.<\/p>\n<h5><span style=\"color: #6e204a;\"><strong>Ce qui caract\u00e9rise mon accompagnement :<\/strong><\/span><\/h5>\n<ul>\n<li style=\"color: #6e204a; list-style-type: circle;\"><span style=\"color: #5b371f;\">La prise en compte de la r\u00e9alit\u00e9 de travail de chacun, tout le long de la ligne hi\u00e9rarchique<\/span><\/li>\n<li style=\"color: #6e204a; list-style-type: circle;\"><span style=\"color: #5b371f;\">Des propositions concr\u00e8tes alliant performance \u00e9conomique et sociale<\/span><\/li>\n<\/ul>\n<h5><span style=\"color: #6e204a;\"><strong>Les mod\u00e8les mobilis\u00e9s sont :<\/strong><\/span><\/h5>\n<ul>\n<li style=\"color: #6e204a; list-style-type: circle;\"><span style=\"color: #5b371f;\">L\u2019analyse d\u2019impacts RH et conditions de travail<\/span><\/li>\n<\/ul>\n","protected":false},"excerpt":{"rendered":"<p>Vous menez un important projet (r\u00e9organisation, restructuration, d\u00e9m\u00e9nagement, introduction de nouvelles technologies, modification des horaires, etc.) et souhaitez en connaitre les impacts en termes RH et conditions de travail, pour accompagner au mieux sa mise en place. Je peux vous accompagner pour r\u00e9aliser des analyses d\u2019impacts et vous proposer des ajustements et s\u00e9quencements permettant une [&hellip;]<\/p>\n","protected":false},"author":1,"featured_media":660,"parent":57,"menu_order":3,"comment_status":"closed","ping_status":"closed","template":"page-templates\/sidebar-page.php","meta":[],"yoast_head":"<!-- This site is optimized with the Yoast SEO plugin v14.6.1 - https:\/\/yoast.com\/wordpress\/plugins\/seo\/ -->\n<title>Impacts de projets sur les conditions de travail | Artisan de lien social<\/title>\n<meta name=\"robots\" content=\"index, follow\" \/>\n<meta name=\"googlebot\" content=\"index, follow, max-snippet:-1, max-image-preview:large, max-video-preview:-1\" \/>\n<meta name=\"bingbot\" content=\"index, follow, max-snippet:-1, max-image-preview:large, max-video-preview:-1\" \/>\n<link rel=\"canonical\" href=\"http:\/\/www.alnd-conseil.com\/www\/facilitation\/impacts-de-projets-sur-les-conditions-de-travail\/\" \/>\n<meta property=\"og:locale\" content=\"fr_FR\" \/>\n<meta property=\"og:type\" content=\"article\" \/>\n<meta property=\"og:title\" content=\"Impacts de projets sur les conditions de travail | Artisan de lien social\" \/>\n<meta property=\"og:description\" content=\"Vous menez un important projet (r\u00e9organisation, restructuration, d\u00e9m\u00e9nagement, introduction de nouvelles technologies, modification des horaires, etc.) et souhaitez en connaitre les impacts en termes RH et conditions de travail, pour accompagner au mieux sa mise en place. Je peux vous accompagner pour r\u00e9aliser des analyses d\u2019impacts et vous proposer des ajustements et s\u00e9quencements permettant une [&hellip;]\" \/>\n<meta property=\"og:url\" content=\"http:\/\/www.alnd-conseil.com\/www\/facilitation\/impacts-de-projets-sur-les-conditions-de-travail\/\" \/>\n<meta property=\"og:site_name\" content=\"Artisan de lien social\" \/>\n<meta property=\"article:modified_time\" content=\"2021-07-11T15:14:20+00:00\" \/>\n<meta property=\"og:image\" content=\"https:\/\/www.alnd-conseil.com\/wp-content\/uploads\/2018\/12\/ALND_Facil-3-Ban.jpg\" \/>\n\t<meta property=\"og:image:width\" content=\"1418\" \/>\n\t<meta property=\"og:image:height\" content=\"284\" \/>\n<meta name=\"twitter:card\" content=\"summary_large_image\" \/>\n<script type=\"application\/ld+json\" class=\"yoast-schema-graph\">{\"@context\":\"https:\/\/schema.org\",\"@graph\":[{\"@type\":[\"Person\",\"Organization\"],\"@id\":\"https:\/\/www.alnd-conseil.com\/www\/#\/schema\/person\/1cc5914c92b3ec8f7b422b2b98f49494\",\"name\":\"Anne-Laure NOUAILLE-DEGORCE\",\"logo\":{\"@id\":\"https:\/\/www.alnd-conseil.com\/www\/#personlogo\"}},{\"@type\":\"WebSite\",\"@id\":\"https:\/\/www.alnd-conseil.com\/www\/#website\",\"url\":\"https:\/\/www.alnd-conseil.com\/www\/\",\"name\":\"Artisan de lien social\",\"description\":\"ALND Conseil\",\"publisher\":{\"@id\":\"https:\/\/www.alnd-conseil.com\/www\/#\/schema\/person\/1cc5914c92b3ec8f7b422b2b98f49494\"},\"potentialAction\":[{\"@type\":\"SearchAction\",\"target\":\"https:\/\/www.alnd-conseil.com\/www\/?s={search_term_string}\",\"query-input\":\"required name=search_term_string\"}],\"inLanguage\":\"fr-FR\"},{\"@type\":\"ImageObject\",\"@id\":\"http:\/\/www.alnd-conseil.com\/www\/facilitation\/impacts-de-projets-sur-les-conditions-de-travail\/#primaryimage\",\"inLanguage\":\"fr-FR\",\"url\":\"https:\/\/www.alnd-conseil.com\/wp-content\/uploads\/2018\/12\/ALND_Facil-3-Ban.jpg\",\"width\":1418,\"height\":284},{\"@type\":\"WebPage\",\"@id\":\"http:\/\/www.alnd-conseil.com\/www\/facilitation\/impacts-de-projets-sur-les-conditions-de-travail\/#webpage\",\"url\":\"http:\/\/www.alnd-conseil.com\/www\/facilitation\/impacts-de-projets-sur-les-conditions-de-travail\/\",\"name\":\"Impacts de projets sur les conditions de travail | Artisan de lien social\",\"isPartOf\":{\"@id\":\"https:\/\/www.alnd-conseil.com\/www\/#website\"},\"primaryImageOfPage\":{\"@id\":\"http:\/\/www.alnd-conseil.com\/www\/facilitation\/impacts-de-projets-sur-les-conditions-de-travail\/#primaryimage\"},\"datePublished\":\"2018-11-23T06:17:30+00:00\",\"dateModified\":\"2021-07-11T15:14:20+00:00\",\"inLanguage\":\"fr-FR\",\"potentialAction\":[{\"@type\":\"ReadAction\",\"target\":[\"http:\/\/www.alnd-conseil.com\/www\/facilitation\/impacts-de-projets-sur-les-conditions-de-travail\/\"]}]}]}<\/script>\n<!-- \/ Yoast SEO plugin. -->","_links":{"self":[{"href":"https:\/\/www.alnd-conseil.com\/www\/wp-json\/wp\/v2\/pages\/65"}],"collection":[{"href":"https:\/\/www.alnd-conseil.com\/www\/wp-json\/wp\/v2\/pages"}],"about":[{"href":"https:\/\/www.alnd-conseil.com\/www\/wp-json\/wp\/v2\/types\/page"}],"author":[{"embeddable":true,"href":"https:\/\/www.alnd-conseil.com\/www\/wp-json\/wp\/v2\/users\/1"}],"replies":[{"embeddable":true,"href":"https:\/\/www.alnd-conseil.com\/www\/wp-json\/wp\/v2\/comments?post=65"}],"version-history":[{"count":6,"href":"https:\/\/www.alnd-conseil.com\/www\/wp-json\/wp\/v2\/pages\/65\/revisions"}],"predecessor-version":[{"id":3203,"href":"https:\/\/www.alnd-conseil.com\/www\/wp-json\/wp\/v2\/pages\/65\/revisions\/3203"}],"up":[{"embeddable":true,"href":"https:\/\/www.alnd-conseil.com\/www\/wp-json\/wp\/v2\/pages\/57"}],"wp:featuredmedia":[{"embeddable":true,"href":"https:\/\/www.alnd-conseil.com\/www\/wp-json\/wp\/v2\/media\/660"}],"wp:attachment":[{"href":"https:\/\/www.alnd-conseil.com\/www\/wp-json\/wp\/v2\/media?parent=65"}],"curies":[{"name":"wp","href":"https:\/\/api.w.org\/{rel}","templated":true}]}}